{"id":634,"date":"2022-04-05T18:55:38","date_gmt":"2022-04-05T18:55:38","guid":{"rendered":"https:\/\/idealeturismo.com.br\/?page_id=634"},"modified":"2022-11-30T13:36:17","modified_gmt":"2022-11-30T13:36:17","slug":"perfil","status":"publish","type":"page","link":"https:\/\/idealeturismo.com.br\/index.php\/perfil\/","title":{"rendered":"Perfil"},"content":{"rendered":"\t\t<div data-elementor-type=\"wp-page\" data-elementor-id=\"634\" class=\"elementor elementor-634\" data-elementor-post-type=\"page\">\n\t\t\t\t\t\t<section class=\"has_eae_slider elementor-section elementor-top-section elementor-element elementor-element-7262ca3b envato-kit-141-top-0 elementor-reverse-mobile elementor-section-content-top elementor-section-boxed elementor-section-height-default elementor-section-height-default\" data-eae-slider=\"96948\" data-id=\"7262ca3b\" data-element_type=\"section\" data-e-type=\"section\" data-settings=\"{&quot;background_background&quot;:&quot;classic&quot;}\">\n\t\t\t\t\t\t\t<div class=\"elementor-background-overlay\"><\/div>\n\t\t\t\t\t\t\t<div class=\"elementor-container elementor-column-gap-wider\">\n\t\t\t\t\t<div class=\"has_eae_slider elementor-column elementor-col-50 elementor-top-column elementor-element elementor-element-46674852\" data-eae-slider=\"20621\" data-id=\"46674852\" data-element_type=\"column\" data-e-type=\"column\">\n\t\t\t<div class=\"elementor-widget-wrap elementor-element-populated\">\n\t\t\t\t\t\t<div class=\"elementor-element elementor-element-3793e730 elementor-invisible elementor-widget elementor-widget-heading\" data-id=\"3793e730\" data-element_type=\"widget\" data-e-type=\"widget\" data-settings=\"{&quot;_animation&quot;:&quot;fadeIn&quot;,&quot;_animation_delay&quot;:50}\" data-widget_type=\"heading.default\">\n\t\t\t\t<div class=\"elementor-widget-container\">\n\t\t\t\t\t<h4 class=\"elementor-heading-title elementor-size-large\">GUIA DE TURISMO CERTIFICADO - CADASTRUR<\/h4>\t\t\t\t<\/div>\n\t\t\t\t<\/div>\n\t\t\t\t<div class=\"elementor-element elementor-element-4afd7363 elementor-invisible elementor-widget elementor-widget-heading\" data-id=\"4afd7363\" data-element_type=\"widget\" data-e-type=\"widget\" data-settings=\"{&quot;_animation&quot;:&quot;fadeIn&quot;,&quot;_animation_delay&quot;:100}\" data-widget_type=\"heading.default\">\n\t\t\t\t<div class=\"elementor-widget-container\">\n\t\t\t\t\t<h2 class=\"elementor-heading-title elementor-size-default\">Juliano Lovato<\/h2>\t\t\t\t<\/div>\n\t\t\t\t<\/div>\n\t\t\t\t<div class=\"elementor-element elementor-element-1e24dc4b elementor-widget-divider--view-line elementor-invisible elementor-widget elementor-widget-divider\" data-id=\"1e24dc4b\" data-element_type=\"widget\" data-e-type=\"widget\" data-settings=\"{&quot;_animation&quot;:&quot;fadeIn&quot;,&quot;_animation_delay&quot;:150}\" data-widget_type=\"divider.default\">\n\t\t\t\t<div class=\"elementor-widget-container\">\n\t\t\t\t\t\t\t<div class=\"elementor-divider\">\n\t\t\t<span class=\"elementor-divider-separator\">\n\t\t\t\t\t\t<\/span>\n\t\t<\/div>\n\t\t\t\t\t\t<\/div>\n\t\t\t\t<\/div>\n\t\t\t\t<div class=\"elementor-element elementor-element-7e3a875 elementor-widget elementor-widget-text-editor\" data-id=\"7e3a875\" data-element_type=\"widget\" data-e-type=\"widget\" data-widget_type=\"text-editor.default\">\n\t\t\t\t<div class=\"elementor-widget-container\">\n\t\t\t\t\t\t\t\t\t<p>Meu nome \u00e9 Juliano Lovato, sou Guia de Turismo cadastrado no Minist\u00e9rio do Turismo sob N\u00ba 21.542840.66-6. Bacharel em Turismo e P\u00f3s Graduado em Planejamento e Organiza\u00e7\u00e3o de Eventos pela universidade de Caxias do Sul. Motorista Profissional categoria D, possuo cursos de transporte coletivo de passageiros, curso de dire\u00e7\u00e3o defensiva, curso de primeiros socorros, curso de atendimento PCD e PNE.<\/p><p>\u00a0<\/p><p>Trabalho desde 2004 com ag\u00eancia. Inicialmente fui motorista, gerente comercial e gerente geral de uma ag\u00eancia em Gramado focada em servi\u00e7os de turismo receptivo VIP, que atendia o Kurotel &#8211; Centro Contempor\u00e2neo de Sa\u00fade e Bem Estar e tamb\u00e9m os melhores hot\u00e9is de Gramado e Canela, no qual prestava servi\u00e7os de forma privativa e personalizada a seus clientes.<\/p><p>\u00a0<\/p><p>Atrav\u00e9s desta empresa tive contato com pessoas de alto poder aquisitivo, pol\u00edticos, artistas, empres\u00e1rios, enfim, por conta disso a exig\u00eancia de um atendimento de excel\u00eancia era constante, tanto dos propriet\u00e1rios da ag\u00eancia como dos propriet\u00e1rios dos hot\u00e9is que faziam quest\u00e3o de um excelente atendimento a seus h\u00f3spedes.<\/p><p><br \/>No ano de 2011 com a venda desta ag\u00eancia, n\u00e3o sabia qual seria meu futuro dentro dela, resolvi empreender e fundei milha pr\u00f3pria empresa de turismo receptivo VIP, a Ideale Turismo, focado no atendimento privativo e personalizado, aproveitando todo o conhecimento que havia adquirido.<\/p><p>\u00a0<\/p><p>Desde ent\u00e3o, mantive alguns clientes daquela \u00e9poca, que n\u00e3o se adaptaram ao novo estilo de trabalho dos novos propriet\u00e1rios. As portas dos melhores hot\u00e9is da cidade continuaram abertas para mim e certamente conquistei novos clientes de todo o pa\u00eds que gostam da minha forma de trabalho, segura, honesta, respeitosa e sempre est\u00e3o indicando meus servi\u00e7os a seus familiares e amigos.<\/p>\t\t\t\t\t\t\t\t<\/div>\n\t\t\t\t<\/div>\n\t\t\t\t<div class=\"elementor-element elementor-element-7e966c5a elementor-invisible elementor-widget elementor-widget-text-editor\" data-id=\"7e966c5a\" data-element_type=\"widget\" data-e-type=\"widget\" data-settings=\"{&quot;_animation&quot;:&quot;fadeIn&quot;,&quot;_animation_delay&quot;:250}\" data-widget_type=\"text-editor.default\">\n\t\t\t\t<div class=\"elementor-widget-container\">\n\t\t\t\t\t\t\t\t\t<p>\u00a0<\/p><h4><strong>\u201cA Ideale Turismo acredita que a verdadeira hospitalidade \u00e9 servir nossos clientes da forma mais personalizada poss\u00edvel. O que nos motiva \u00e9 ter a oportunidade de surpreender quem busca curtir momentos \u00fanicos na Serra Ga\u00facha<\/strong><\/h4>\t\t\t\t\t\t\t\t<\/div>\n\t\t\t\t<\/div>\n\t\t\t\t\t<\/div>\n\t\t<\/div>\n\t\t\t\t<div class=\"has_eae_slider elementor-column elementor-col-50 elementor-top-column elementor-element elementor-element-6c2d299c\" data-eae-slider=\"42723\" data-id=\"6c2d299c\" data-element_type=\"column\" data-e-type=\"column\">\n\t\t\t<div class=\"elementor-widget-wrap elementor-element-populated\">\n\t\t\t\t\t\t<div class=\"elementor-element elementor-element-05dcdd0 elementor-widget elementor-widget-image\" data-id=\"05dcdd0\" data-element_type=\"widget\" data-e-type=\"widget\" data-widget_type=\"image.default\">\n\t\t\t\t<div class=\"elementor-widget-container\">\n\t\t\t\t\t\t\t\t\t\t\t\t\t\t\t<img fetchpriority=\"high\" decoding=\"async\" width=\"800\" height=\"494\" src=\"https:\/\/idealeturismo.com.br\/wp-content\/uploads\/2022\/11\/certificado_cadastrur.jpg\" class=\"attachment-large size-large wp-image-1661\" alt=\"\" \/>\t\t\t\t\t\t\t\t\t\t\t\t\t\t\t<\/div>\n\t\t\t\t<\/div>\n\t\t\t\t<div class=\"elementor-element elementor-element-92e3ac9 elementor-widget elementor-widget-image\" data-id=\"92e3ac9\" data-element_type=\"widget\" data-e-type=\"widget\" data-widget_type=\"image.default\">\n\t\t\t\t<div class=\"elementor-widget-container\">\n\t\t\t\t\t\t\t\t\t\t\t\t\t\t\t<img decoding=\"async\" width=\"244\" height=\"185\" src=\"https:\/\/idealeturismo.com.br\/wp-content\/uploads\/2022\/05\/perfil.jpg\" class=\"attachment-large size-large wp-image-1356\" alt=\"\" \/>\t\t\t\t\t\t\t\t\t\t\t\t\t\t\t<\/div>\n\t\t\t\t<\/div>\n\t\t\t\t<div class=\"elementor-element elementor-element-1e71b42b elementor-widget elementor-widget-heading\" data-id=\"1e71b42b\" data-element_type=\"widget\" data-e-type=\"widget\" data-widget_type=\"heading.default\">\n\t\t\t\t<div class=\"elementor-widget-container\">\n\t\t\t\t\t<h2 class=\"elementor-heading-title elementor-size-default\">Juliano Lovato - Diretor e propriet\u00e1rio da Ideale Turismo.<\/h2>\t\t\t\t<\/div>\n\t\t\t\t<\/div>\n\t\t\t\t\t<\/div>\n\t\t<\/div>\n\t\t\t\t\t<\/div>\n\t\t<\/section>\n\t\t\t\t<\/div>\n\t\t","protected":false},"excerpt":{"rendered":"<p>GUIA DE TURISMO CERTIFICADO &#8211; CADASTRUR Juliano Lovato Meu nome \u00e9 Juliano Lovato, sou Guia de Turismo cadastrado no Minist\u00e9rio do Turismo sob N\u00ba 21.542840.66-6. Bacharel em Turismo e P\u00f3s Graduado em Planejamento e Organiza\u00e7\u00e3o de Eventos pela universidade de Caxias do Sul. Motorista Profissional categoria D, possuo cursos de transporte coletivo de passageiros, curso [&hellip;]<\/p>\n","protected":false},"author":1,"featured_media":0,"parent":0,"menu_order":0,"comment_status":"closed","ping_status":"closed","template":"elementor_header_footer","meta":{"_glsr_average":0,"_glsr_ranking":0,"_glsr_reviews":0,"footnotes":""},"class_list":["post-634","page","type-page","status-publish","hentry"],"_links":{"self":[{"href":"https:\/\/idealeturismo.com.br\/index.php\/wp-json\/wp\/v2\/pages\/634","targetHints":{"allow":["GET"]}}],"collection":[{"href":"https:\/\/idealeturismo.com.br\/index.php\/wp-json\/wp\/v2\/pages"}],"about":[{"href":"https:\/\/idealeturismo.com.br\/index.php\/wp-json\/wp\/v2\/types\/page"}],"author":[{"embeddable":true,"href":"https:\/\/idealeturismo.com.br\/index.php\/wp-json\/wp\/v2\/users\/1"}],"replies":[{"embeddable":true,"href":"https:\/\/idealeturismo.com.br\/index.php\/wp-json\/wp\/v2\/comments?post=634"}],"version-history":[{"count":47,"href":"https:\/\/idealeturismo.com.br\/index.php\/wp-json\/wp\/v2\/pages\/634\/revisions"}],"predecessor-version":[{"id":1708,"href":"https:\/\/idealeturismo.com.br\/index.php\/wp-json\/wp\/v2\/pages\/634\/revisions\/1708"}],"wp:attachment":[{"href":"https:\/\/idealeturismo.com.br\/index.php\/wp-json\/wp\/v2\/media?parent=634"}],"curies":[{"name":"wp","href":"https:\/\/api.w.org\/{rel}","templated":true}]}}