{"id":397,"date":"2022-03-30T17:24:19","date_gmt":"2022-03-30T17:24:19","guid":{"rendered":"https:\/\/idealeturismo.com.br\/?page_id=397"},"modified":"2026-03-04T23:35:37","modified_gmt":"2026-03-04T23:35:37","slug":"jantar-tematico-noite-alema","status":"publish","type":"page","link":"https:\/\/idealeturismo.com.br\/index.php\/jantar-tematico-noite-alema\/","title":{"rendered":"Jantar Tem\u00e1tico Noite Alem\u00e3"},"content":{"rendered":"\t\t<div data-elementor-type=\"wp-page\" data-elementor-id=\"397\" class=\"elementor elementor-397\" data-elementor-post-type=\"page\">\n\t\t\t\t\t\t<section class=\"has_eae_slider elementor-section elementor-top-section elementor-element elementor-element-1178e2f8 elementor-section-content-top elementor-section-boxed elementor-section-height-default elementor-section-height-default\" data-eae-slider=\"45590\" data-id=\"1178e2f8\" data-element_type=\"section\" data-e-type=\"section\">\n\t\t\t\t\t\t<div class=\"elementor-container elementor-column-gap-default\">\n\t\t\t\t\t<div class=\"has_eae_slider elementor-column elementor-col-100 elementor-top-column elementor-element elementor-element-8c79a60\" data-eae-slider=\"70361\" data-id=\"8c79a60\" data-element_type=\"column\" data-e-type=\"column\">\n\t\t\t<div class=\"elementor-widget-wrap elementor-element-populated\">\n\t\t\t\t\t\t<div class=\"elementor-element elementor-element-1a854697 elementor-widget elementor-widget-heading\" data-id=\"1a854697\" data-element_type=\"widget\" data-e-type=\"widget\" data-widget_type=\"heading.default\">\n\t\t\t\t<div class=\"elementor-widget-container\">\n\t\t\t\t\t<h3 class=\"elementor-heading-title elementor-size-default\">Jantar Tem\u00e1tico Noite Alem\u00e3\n\n<\/h3>\t\t\t\t<\/div>\n\t\t\t\t<\/div>\n\t\t\t\t<div class=\"elementor-element elementor-element-dc3a9ae eae--hr-position-center eae--vr-position-middle elementor-widget elementor-widget-eae-thumbgallery\" data-id=\"dc3a9ae\" data-element_type=\"widget\" data-e-type=\"widget\" data-settings=\"{&quot;thumb_slides_per_view&quot;:5,&quot;thumb_slides_per_view_tablet&quot;:3,&quot;thumb_slides_per_view_mobile&quot;:2,&quot;thumb_space_between&quot;:10,&quot;thumb_space_between_tablet&quot;:10,&quot;thumb_space_between_mobile&quot;:5,&quot;slider_space_between&quot;:{&quot;unit&quot;:&quot;px&quot;,&quot;size&quot;:10,&quot;sizes&quot;:[]},&quot;slider_space_between_tablet&quot;:{&quot;unit&quot;:&quot;px&quot;,&quot;size&quot;:15,&quot;sizes&quot;:[]},&quot;slider_space_between_mobile&quot;:{&quot;unit&quot;:&quot;px&quot;,&quot;size&quot;:10,&quot;sizes&quot;:[]}}\" data-widget_type=\"eae-thumbgallery.default\">\n\t\t\t\t<div class=\"elementor-widget-container\">\n\t\t\t\t\t\n\t\t<div class=\"eae-swiper-outer-wrapper eae-swiper\" data-swiper-settings=\"{&quot;breakpoints_value&quot;:{&quot;mobile&quot;:320,&quot;tablet&quot;:768,&quot;desktop&quot;:1025},&quot;thumbs&quot;:{&quot;spaceBetween&quot;:{&quot;mobile&quot;:5,&quot;tablet&quot;:10,&quot;default&quot;:10},&quot;slidesPerView&quot;:{&quot;mobile&quot;:2,&quot;tablet&quot;:3,&quot;default&quot;:5}},&quot;effect&quot;:&quot;slide&quot;,&quot;speed&quot;:500,&quot;autoplay&quot;:{&quot;duration&quot;:5000,&quot;reverseDirection&quot;:false,&quot;slider_direction&quot;:&quot;ltr&quot;,&quot;disableOnInteraction&quot;:true},&quot;pauseOnHover&quot;:&quot;yes&quot;,&quot;spaceBetween&quot;:{&quot;mobile&quot;:1,&quot;tablet&quot;:1,&quot;default&quot;:10},&quot;loop&quot;:&quot;yes&quot;,&quot;navigation&quot;:&quot;yes&quot;,&quot;clickable&quot;:false,&quot;keyboard&quot;:true}\">\n\t\t\t\t\t   \n\t\t\t<div class=\"eae-swiper-container swiper\">\n\t\t\t\t<div class=\"eae-swiper-wrapper swiper-wrapper slider_vertical_wrapper\">\n\t\t\t\t\t\n\n\t\t\t\t\t<div class=\"elementor-repeater-item-53d190d eae-swiper-slide swiper-slide\" style=\"background-image : url(https:\/\/idealeturismo.com.br\/wp-content\/uploads\/2022\/03\/fa617c11-1fd1-4871-b2f2-036beee91cc2.jpg);\">\n\t\t\t\t   \n\t\t\t\t\t\t\t\t\t\t\t\t<div class=\"eae-slide-inner\">\t\t\t\t\t\t\t\t\t\t\t\t\t\t<\/div>\t\t\t\t\t\t\t<\/div>\n\t\t\t\t   \n\t\t\t\t\t\n\n\t\t\t\t\t<div class=\"elementor-repeater-item-4c6c7f2 eae-swiper-slide swiper-slide\" style=\"background-image : url(https:\/\/idealeturismo.com.br\/wp-content\/uploads\/2022\/03\/a948b38c-2786-4b69-bf29-b6ac6ff9f0aa.jpg);\">\n\t\t\t\t   \n\t\t\t\t\t\t\t\t\t\t\t\t<div class=\"eae-slide-inner\">\t\t\t\t\t\t\t\t\t\t\t\t\t\t<\/div>\t\t\t\t\t\t\t<\/div>\n\t\t\t\t   \n\t\t\t\t\t\n\n\t\t\t\t\t<div class=\"elementor-repeater-item-25ec762 eae-swiper-slide swiper-slide\" style=\"background-image : url(https:\/\/idealeturismo.com.br\/wp-content\/uploads\/2022\/03\/758537cd-9e5b-4b99-a89f-b54f717f7f9b.jpg);\">\n\t\t\t\t   \n\t\t\t\t\t\t\t\t\t\t\t\t<div class=\"eae-slide-inner\">\t\t\t\t\t\t\t\t\t\t\t\t\t\t<\/div>\t\t\t\t\t\t\t<\/div>\n\t\t\t\t   \n\t\t\t\t\t\n\n\t\t\t\t\t<div class=\"elementor-repeater-item-c365198 eae-swiper-slide swiper-slide\" style=\"background-image : url(https:\/\/idealeturismo.com.br\/wp-content\/uploads\/2022\/03\/cb67d8f3-855a-40f1-9854-90dc70cdd53d.jpg);\">\n\t\t\t\t   \n\t\t\t\t\t\t\t\t\t\t\t\t<div class=\"eae-slide-inner\">\t\t\t\t\t\t\t\t\t\t\t\t\t\t<\/div>\t\t\t\t\t\t\t<\/div>\n\t\t\t\t   \n\t\t\t\t\t\n\n\t\t\t\t\t<div class=\"elementor-repeater-item-fa87d8b eae-swiper-slide swiper-slide\" style=\"background-image : url(https:\/\/idealeturismo.com.br\/wp-content\/uploads\/2022\/03\/f5da9ac3-1746-48bc-899c-272e7bdf8dd5.jpg);\">\n\t\t\t\t   \n\t\t\t\t\t\t\t\t\t\t\t\t<div class=\"eae-slide-inner\">\t\t\t\t\t\t\t\t\t\t\t\t\t\t<\/div>\t\t\t\t\t\t\t<\/div>\n\t\t\t\t   \n\t\t\t\t\t \n\t\t\t\t<\/div>\n\t\t\t   \n\t\t\t\t\t\t\t\t\t\t\t\t\t\t<div class = \" eae-swiper-button eae-slider-nav-button  eae-swiper-button-prev\">\n\t\t\t\t\t\t\t<i class=\"fa fa-angle-left\"><\/i>\t\t\t\t\t\t<\/div>\t\n\t\t\t\t\t\t   \n\t\t\t\t\t\t<div class = \"eae-swiper-button eae-slider-nav-button eae-swiper-button-next\">\n\t\t\t\t\t\t\t<i class=\"fa fa-angle-right\"><\/i>\t\t\t\t\t\t<\/div>\t\n\t\t\t\t\t\t\t\t   \n\t\t\t\t\t\n\t\t\t<\/div>\t\n\t\t\n\t\t\t<div class=\"eae-thumb-container swiper eae-gallery-thumbs eae-thumb-horizontal-bottom\">\n\t\t\t\t<div class=\"eae-thumb-wrapper swiper-wrapper\">\n\t\t\t\t\t\t\t\t\t\t   \n\t\t\t\t\t\t<div class=\"elementor-repeater-item-53d190d eae-thumb-slide swiper-slide\" style=\"background-image : url(https:\/\/idealeturismo.com.br\/wp-content\/uploads\/2022\/03\/fa617c11-1fd1-4871-b2f2-036beee91cc2.jpg);\">\n\t\t\t\t\t\t\t\t<div class='eae-fit-aspect-ratio'><\/div>\n\t\t\t\t\t\t<\/div>\n\t\t\t\t\t\t\t\t\t\t   \n\t\t\t\t\t\t<div class=\"elementor-repeater-item-4c6c7f2 eae-thumb-slide swiper-slide\" style=\"background-image : url(https:\/\/idealeturismo.com.br\/wp-content\/uploads\/2022\/03\/a948b38c-2786-4b69-bf29-b6ac6ff9f0aa.jpg);\">\n\t\t\t\t\t\t\t\t<div class='eae-fit-aspect-ratio'><\/div>\n\t\t\t\t\t\t<\/div>\n\t\t\t\t\t\t\t\t\t\t   \n\t\t\t\t\t\t<div class=\"elementor-repeater-item-25ec762 eae-thumb-slide swiper-slide\" style=\"background-image : url(https:\/\/idealeturismo.com.br\/wp-content\/uploads\/2022\/03\/758537cd-9e5b-4b99-a89f-b54f717f7f9b.jpg);\">\n\t\t\t\t\t\t\t\t<div class='eae-fit-aspect-ratio'><\/div>\n\t\t\t\t\t\t<\/div>\n\t\t\t\t\t\t\t\t\t\t   \n\t\t\t\t\t\t<div class=\"elementor-repeater-item-c365198 eae-thumb-slide swiper-slide\" style=\"background-image : url(https:\/\/idealeturismo.com.br\/wp-content\/uploads\/2022\/03\/cb67d8f3-855a-40f1-9854-90dc70cdd53d.jpg);\">\n\t\t\t\t\t\t\t\t<div class='eae-fit-aspect-ratio'><\/div>\n\t\t\t\t\t\t<\/div>\n\t\t\t\t\t\t\t\t\t\t   \n\t\t\t\t\t\t<div class=\"elementor-repeater-item-fa87d8b eae-thumb-slide swiper-slide\" style=\"background-image : url(https:\/\/idealeturismo.com.br\/wp-content\/uploads\/2022\/03\/f5da9ac3-1746-48bc-899c-272e7bdf8dd5.jpg);\">\n\t\t\t\t\t\t\t\t<div class='eae-fit-aspect-ratio'><\/div>\n\t\t\t\t\t\t<\/div>\n\t\t\t\t\t \n\t\t\t\t<\/div>\n\n\t\t\t\t\n\t\t\t<\/div>\n\n\t\t\t\t<\/div> \n\t\t\t\t\t\t<\/div>\n\t\t\t\t<\/div>\n\t\t\t\t<div class=\"elementor-element elementor-element-57da8c elementor-widget elementor-widget-heading\" data-id=\"57da8c\" data-element_type=\"widget\" data-e-type=\"widget\" data-widget_type=\"heading.default\">\n\t\t\t\t<div class=\"elementor-widget-container\">\n\t\t\t\t\t<h4 class=\"elementor-heading-title elementor-size-default\">Sobre o passeio<\/h4>\t\t\t\t<\/div>\n\t\t\t\t<\/div>\n\t\t\t\t<div class=\"elementor-element elementor-element-64effc9 elementor-widget elementor-widget-text-editor\" data-id=\"64effc9\" data-element_type=\"widget\" data-e-type=\"widget\" data-widget_type=\"text-editor.default\">\n\t\t\t\t<div class=\"elementor-widget-container\">\n\t\t\t\t\t\t\t\t\t<p style=\"text-align: left;\">Na noite alem\u00e3, voc\u00ea vai conhecer o melhor da culin\u00e1ria alem\u00e3: seus costumes, segredos da gastronomia e as melhores iguarias, acompanhados de um completo caf\u00e9 colonial.\u00a0<\/p>\t\t\t\t\t\t\t\t<\/div>\n\t\t\t\t<\/div>\n\t\t\t\t<div class=\"elementor-element elementor-element-68ac6af4 elementor-widget elementor-widget-heading\" data-id=\"68ac6af4\" data-element_type=\"widget\" data-e-type=\"widget\" data-widget_type=\"heading.default\">\n\t\t\t\t<div class=\"elementor-widget-container\">\n\t\t\t\t\t<h4 class=\"elementor-heading-title elementor-size-default\">Detalhes<\/h4>\t\t\t\t<\/div>\n\t\t\t\t<\/div>\n\t\t\t\t<section class=\"has_eae_slider elementor-section elementor-inner-section elementor-element elementor-element-f3b5627 elementor-section-boxed elementor-section-height-default elementor-section-height-default\" data-eae-slider=\"6343\" data-id=\"f3b5627\" data-element_type=\"section\" data-e-type=\"section\">\n\t\t\t\t\t\t<div class=\"elementor-container elementor-column-gap-default\">\n\t\t\t\t\t<div class=\"has_eae_slider elementor-column elementor-col-100 elementor-inner-column elementor-element elementor-element-79acca39\" data-eae-slider=\"26344\" data-id=\"79acca39\" data-element_type=\"column\" data-e-type=\"column\">\n\t\t\t<div class=\"elementor-widget-wrap elementor-element-populated\">\n\t\t\t\t\t\t<div class=\"elementor-element elementor-element-3ee0299f elementor-widget elementor-widget-text-editor\" data-id=\"3ee0299f\" data-element_type=\"widget\" data-e-type=\"widget\" data-widget_type=\"text-editor.default\">\n\t\t\t\t<div class=\"elementor-widget-container\">\n\t\t\t\t\t\t\t\t\t<p style=\"padding-left: 40px;\">Esse magn\u00edfico jantar acontece em Nova Petr\u00f3polis, pertinho de Gramado, com dan\u00e7a t\u00edpica alem\u00e3 e show de m\u00fasica no Restaurante Lindenhoff<\/p><p style=\"text-align: left; padding-left: 40px;\"><em><strong>Dias em que ocorre: Segundas e sextas feiras.<\/strong><\/em><\/p><p style=\"padding-left: 40px;\"><strong>Atividade inclui:<\/strong><\/p><ul><li>Transporte (ida e volta)<\/li><li>Jantar com comidas t\u00edpicas e caf\u00e9 colonial;<\/li><li>Show folcl\u00f3rico com dan\u00e7as t\u00edpicas e bandinhas;<\/li><li>Jogos germ\u00e2nicos (campeonato de beber chopp,<\/li><li>campeonato de serrar lenha, dentre outros);<\/li><li>Caf\u00e9 e ch\u00e1s \u00e0 vontade.<br \/><strong><br \/>Esta atividade\u00a0n\u00e3o\u00a0inclui:<\/strong><\/li><li>Bebidas do jantar al\u00e9m de caf\u00e9s e ch\u00e1s.<\/li><\/ul>\t\t\t\t\t\t\t\t<\/div>\n\t\t\t\t<\/div>\n\t\t\t\t\t<\/div>\n\t\t<\/div>\n\t\t\t\t\t<\/div>\n\t\t<\/section>\n\t\t\t\t<section class=\"has_eae_slider elementor-section elementor-inner-section elementor-element elementor-element-0918afc elementor-section-full_width elementor-section-height-default elementor-section-height-default\" data-eae-slider=\"4862\" data-id=\"0918afc\" data-element_type=\"section\" data-e-type=\"section\">\n\t\t\t\t\t\t<div class=\"elementor-container elementor-column-gap-default\">\n\t\t\t\t\t<div class=\"has_eae_slider elementor-column elementor-col-100 elementor-inner-column elementor-element elementor-element-b85178e\" data-eae-slider=\"58854\" data-id=\"b85178e\" data-element_type=\"column\" data-e-type=\"column\" data-settings=\"{&quot;background_background&quot;:&quot;classic&quot;}\">\n\t\t\t<div class=\"elementor-widget-wrap elementor-element-populated\">\n\t\t\t\t\t\t<div class=\"elementor-element elementor-element-2b82d93 elementor-widget elementor-widget-text-editor\" data-id=\"2b82d93\" data-element_type=\"widget\" data-e-type=\"widget\" data-widget_type=\"text-editor.default\">\n\t\t\t\t<div class=\"elementor-widget-container\">\n\t\t\t\t\t\t\t\t\t<p><strong><em>Salientamos que por serem passeios privativos, voc\u00ea decide quais atrativos deseja visitar<br \/>e o tempo que permanecer\u00e1 em cada um deles, de acordo com a dura\u00e7\u00e3o total de passeio que segue descrita abaixo.<\/em><\/strong><\/p>\t\t\t\t\t\t\t\t<\/div>\n\t\t\t\t<\/div>\n\t\t\t\t\t<\/div>\n\t\t<\/div>\n\t\t\t\t\t<\/div>\n\t\t<\/section>\n\t\t\t\t<section class=\"has_eae_slider elementor-section elementor-inner-section elementor-element elementor-element-55bc47c1 animated-slow elementor-section-content-middle elementor-section-boxed elementor-section-height-default elementor-section-height-default elementor-invisible\" data-eae-slider=\"62360\" data-id=\"55bc47c1\" data-element_type=\"section\" data-e-type=\"section\" data-settings=\"{&quot;background_background&quot;:&quot;classic&quot;,&quot;animation&quot;:&quot;shake&quot;,&quot;animation_delay&quot;:50}\">\n\t\t\t\t\t\t<div class=\"elementor-container elementor-column-gap-default\">\n\t\t\t\t\t<div class=\"has_eae_slider elementor-column elementor-col-100 elementor-inner-column elementor-element elementor-element-2129e4e8\" data-eae-slider=\"87150\" data-id=\"2129e4e8\" data-element_type=\"column\" data-e-type=\"column\">\n\t\t\t<div class=\"elementor-widget-wrap elementor-element-populated\">\n\t\t\t\t\t\t<div class=\"elementor-element elementor-element-619107e3 elementor-widget elementor-widget-text-editor\" data-id=\"619107e3\" data-element_type=\"widget\" data-e-type=\"widget\" data-widget_type=\"text-editor.default\">\n\t\t\t\t<div class=\"elementor-widget-container\">\n\t\t\t\t\t\t\t\t\t<p><strong>Dura\u00e7\u00e3o:<\/strong> Aproximadamente 4 horas.<br \/><strong>Hor\u00e1rio de sa\u00edda do passeio:<\/strong> Entre 19:30h e 19:50h.<br \/><strong>Hor\u00e1rio de retorno do passeio:<\/strong> Entre 22:30h e 23:30h. <br \/><strong>Locais de Sa\u00edda:<\/strong> Hot\u00e9is e pousadas de Gramado ou Canela.<\/p><p>\u00a0<\/p><p><em><strong>Dias em que ocorre: Segundas e sextas feiras.<\/strong><\/em><\/p>\t\t\t\t\t\t\t\t<\/div>\n\t\t\t\t<\/div>\n\t\t\t\t<div class=\"elementor-element elementor-element-04ef835 elementor-align-center elementor-widget elementor-widget-button\" data-id=\"04ef835\" data-element_type=\"widget\" data-e-type=\"widget\" data-widget_type=\"button.default\">\n\t\t\t\t<div class=\"elementor-widget-container\">\n\t\t\t\t\t\t\t\t\t<div class=\"elementor-button-wrapper\">\n\t\t\t\t\t<a class=\"elementor-button elementor-button-link elementor-size-sm\" href=\"https:\/\/api.whatsapp.com\/send?phone=5554999682043&#038;text=Gostaria%20de%20solicitar%20or\u00e7amento\">\n\t\t\t\t\t\t<span class=\"elementor-button-content-wrapper\">\n\t\t\t\t\t\t\t\t\t<span class=\"elementor-button-text\">SOLICITE OR\u00c7AMENTO<\/span>\n\t\t\t\t\t<\/span>\n\t\t\t\t\t<\/a>\n\t\t\t\t<\/div>\n\t\t\t\t\t\t\t\t<\/div>\n\t\t\t\t<\/div>\n\t\t\t\t\t<\/div>\n\t\t<\/div>\n\t\t\t\t\t<\/div>\n\t\t<\/section>\n\t\t\t\t\t<\/div>\n\t\t<\/div>\n\t\t\t\t\t<\/div>\n\t\t<\/section>\n\t\t\t\t<\/div>\n\t\t","protected":false},"excerpt":{"rendered":"<p>Jantar Tem\u00e1tico Noite Alem\u00e3 Sobre o passeio Na noite alem\u00e3, voc\u00ea vai conhecer o melhor da culin\u00e1ria alem\u00e3: seus costumes, segredos da gastronomia e as melhores iguarias, acompanhados de um completo caf\u00e9 colonial.\u00a0 Detalhes Esse magn\u00edfico jantar acontece em Nova Petr\u00f3polis, pertinho de Gramado, com dan\u00e7a t\u00edpica alem\u00e3 e show de m\u00fasica no Restaurante Lindenhoff [&hellip;]<\/p>\n","protected":false},"author":1,"featured_media":0,"parent":0,"menu_order":0,"comment_status":"closed","ping_status":"closed","template":"","meta":{"_glsr_average":0,"_glsr_ranking":0,"_glsr_reviews":0,"footnotes":""},"class_list":["post-397","page","type-page","status-publish","hentry"],"_links":{"self":[{"href":"https:\/\/idealeturismo.com.br\/index.php\/wp-json\/wp\/v2\/pages\/397","targetHints":{"allow":["GET"]}}],"collection":[{"href":"https:\/\/idealeturismo.com.br\/index.php\/wp-json\/wp\/v2\/pages"}],"about":[{"href":"https:\/\/idealeturismo.com.br\/index.php\/wp-json\/wp\/v2\/types\/page"}],"author":[{"embeddable":true,"href":"https:\/\/idealeturismo.com.br\/index.php\/wp-json\/wp\/v2\/users\/1"}],"replies":[{"embeddable":true,"href":"https:\/\/idealeturismo.com.br\/index.php\/wp-json\/wp\/v2\/comments?post=397"}],"version-history":[{"count":16,"href":"https:\/\/idealeturismo.com.br\/index.php\/wp-json\/wp\/v2\/pages\/397\/revisions"}],"predecessor-version":[{"id":1981,"href":"https:\/\/idealeturismo.com.br\/index.php\/wp-json\/wp\/v2\/pages\/397\/revisions\/1981"}],"wp:attachment":[{"href":"https:\/\/idealeturismo.com.br\/index.php\/wp-json\/wp\/v2\/media?parent=397"}],"curies":[{"name":"wp","href":"https:\/\/api.w.org\/{rel}","templated":true}]}}