{"id":334,"date":"2022-03-30T14:51:31","date_gmt":"2022-03-30T14:51:31","guid":{"rendered":"https:\/\/idealeturismo.com.br\/?page_id=334"},"modified":"2026-03-04T23:31:25","modified_gmt":"2026-03-04T23:31:25","slug":"tour-linha-bella","status":"publish","type":"page","link":"https:\/\/idealeturismo.com.br\/index.php\/tour-linha-bella\/","title":{"rendered":"Tour Linha Bella"},"content":{"rendered":"\t\t<div data-elementor-type=\"wp-page\" data-elementor-id=\"334\" class=\"elementor elementor-334\" data-elementor-post-type=\"page\">\n\t\t\t\t\t\t<section class=\"has_eae_slider elementor-section elementor-top-section elementor-element elementor-element-345207e9 elementor-section-content-top elementor-section-boxed elementor-section-height-default elementor-section-height-default\" data-eae-slider=\"87452\" data-id=\"345207e9\" data-element_type=\"section\" data-e-type=\"section\">\n\t\t\t\t\t\t<div class=\"elementor-container elementor-column-gap-default\">\n\t\t\t\t\t<div class=\"has_eae_slider elementor-column elementor-col-100 elementor-top-column elementor-element elementor-element-734ac466\" data-eae-slider=\"7047\" data-id=\"734ac466\" data-element_type=\"column\" data-e-type=\"column\">\n\t\t\t<div class=\"elementor-widget-wrap elementor-element-populated\">\n\t\t\t\t\t\t<div class=\"elementor-element elementor-element-53472478 elementor-widget elementor-widget-heading\" data-id=\"53472478\" data-element_type=\"widget\" data-e-type=\"widget\" data-widget_type=\"heading.default\">\n\t\t\t\t<div class=\"elementor-widget-container\">\n\t\t\t\t\t<h3 class=\"elementor-heading-title elementor-size-default\">Tour Linha Bella\n<\/h3>\t\t\t\t<\/div>\n\t\t\t\t<\/div>\n\t\t\t\t<div class=\"elementor-element elementor-element-1b230a03 eae--hr-position-center eae--vr-position-middle elementor-widget elementor-widget-eae-thumbgallery\" data-id=\"1b230a03\" data-element_type=\"widget\" data-e-type=\"widget\" data-settings=\"{&quot;thumb_slides_per_view&quot;:3,&quot;thumb_slides_per_view_tablet&quot;:3,&quot;thumb_slides_per_view_mobile&quot;:2,&quot;thumb_space_between&quot;:10,&quot;thumb_space_between_tablet&quot;:10,&quot;thumb_space_between_mobile&quot;:5,&quot;slider_space_between&quot;:{&quot;unit&quot;:&quot;px&quot;,&quot;size&quot;:10,&quot;sizes&quot;:[]},&quot;slider_space_between_tablet&quot;:{&quot;unit&quot;:&quot;px&quot;,&quot;size&quot;:15,&quot;sizes&quot;:[]},&quot;slider_space_between_mobile&quot;:{&quot;unit&quot;:&quot;px&quot;,&quot;size&quot;:10,&quot;sizes&quot;:[]}}\" data-widget_type=\"eae-thumbgallery.default\">\n\t\t\t\t<div class=\"elementor-widget-container\">\n\t\t\t\t\t\n\t\t<div class=\"eae-swiper-outer-wrapper eae-swiper\" data-swiper-settings=\"{&quot;breakpoints_value&quot;:{&quot;mobile&quot;:320,&quot;tablet&quot;:768,&quot;desktop&quot;:1025},&quot;thumbs&quot;:{&quot;spaceBetween&quot;:{&quot;mobile&quot;:5,&quot;tablet&quot;:10,&quot;default&quot;:10},&quot;slidesPerView&quot;:{&quot;mobile&quot;:2,&quot;tablet&quot;:3,&quot;default&quot;:3}},&quot;effect&quot;:&quot;slide&quot;,&quot;speed&quot;:500,&quot;autoplay&quot;:{&quot;duration&quot;:5000,&quot;reverseDirection&quot;:false,&quot;slider_direction&quot;:&quot;ltr&quot;,&quot;disableOnInteraction&quot;:true},&quot;pauseOnHover&quot;:&quot;yes&quot;,&quot;spaceBetween&quot;:{&quot;mobile&quot;:1,&quot;tablet&quot;:1,&quot;default&quot;:10},&quot;loop&quot;:&quot;yes&quot;,&quot;navigation&quot;:&quot;yes&quot;,&quot;clickable&quot;:false,&quot;keyboard&quot;:true}\">\n\t\t\t\t\t   \n\t\t\t<div class=\"eae-swiper-container swiper\">\n\t\t\t\t<div class=\"eae-swiper-wrapper swiper-wrapper slider_vertical_wrapper\">\n\t\t\t\t\t\n\n\t\t\t\t\t<div class=\"elementor-repeater-item-53d190d eae-swiper-slide swiper-slide\" style=\"background-image : url(https:\/\/idealeturismo.com.br\/wp-content\/uploads\/2022\/03\/DSC_0165.jpg);\">\n\t\t\t\t   \n\t\t\t\t\t\t\t\t\t\t\t\t<div class=\"eae-slide-inner\">\t\t\t\t\t\t\t\t\t\t\t\t\t\t<\/div>\t\t\t\t\t\t\t<\/div>\n\t\t\t\t   \n\t\t\t\t\t\n\n\t\t\t\t\t<div class=\"elementor-repeater-item-25ec762 eae-swiper-slide swiper-slide\" style=\"background-image : url(https:\/\/idealeturismo.com.br\/wp-content\/uploads\/2022\/03\/DSC_0191.jpg);\">\n\t\t\t\t   \n\t\t\t\t\t\t\t\t\t\t\t\t<div class=\"eae-slide-inner\">\t\t\t\t\t\t\t\t\t\t\t\t\t\t<\/div>\t\t\t\t\t\t\t<\/div>\n\t\t\t\t   \n\t\t\t\t\t\n\n\t\t\t\t\t<div class=\"elementor-repeater-item-db48526 eae-swiper-slide swiper-slide\" style=\"background-image : url(https:\/\/idealeturismo.com.br\/wp-content\/uploads\/2022\/03\/moinho01.jpg);\">\n\t\t\t\t   \n\t\t\t\t\t\t\t\t\t\t\t\t<div class=\"eae-slide-inner\">\t\t\t\t\t\t\t\t\t\t\t\t\t\t<\/div>\t\t\t\t\t\t\t<\/div>\n\t\t\t\t   \n\t\t\t\t\t\n\n\t\t\t\t\t<div class=\"elementor-repeater-item-6047974 eae-swiper-slide swiper-slide\" style=\"background-image : url(https:\/\/idealeturismo.com.br\/wp-content\/uploads\/2022\/03\/linha_nova.jpg);\">\n\t\t\t\t   \n\t\t\t\t\t\t\t\t\t\t\t\t<div class=\"eae-slide-inner\">\t\t\t\t\t\t\t\t\t\t\t\t\t\t<\/div>\t\t\t\t\t\t\t<\/div>\n\t\t\t\t   \n\t\t\t\t\t\n\n\t\t\t\t\t<div class=\"elementor-repeater-item-2046b93 eae-swiper-slide swiper-slide\" style=\"background-image : url(https:\/\/idealeturismo.com.br\/wp-content\/uploads\/2022\/03\/DSC_0168.jpg);\">\n\t\t\t\t   \n\t\t\t\t\t\t\t\t\t\t\t\t<div class=\"eae-slide-inner\">\t\t\t\t\t\t\t\t\t\t\t\t\t\t<\/div>\t\t\t\t\t\t\t<\/div>\n\t\t\t\t   \n\t\t\t\t\t \n\t\t\t\t<\/div>\n\t\t\t   \n\t\t\t\t\t\t\t\t\t\t\t\t\t\t<div class = \" eae-swiper-button eae-slider-nav-button  eae-swiper-button-prev\">\n\t\t\t\t\t\t\t<i class=\"fa fa-angle-left\"><\/i>\t\t\t\t\t\t<\/div>\t\n\t\t\t\t\t\t   \n\t\t\t\t\t\t<div class = \"eae-swiper-button eae-slider-nav-button eae-swiper-button-next\">\n\t\t\t\t\t\t\t<i class=\"fa fa-angle-right\"><\/i>\t\t\t\t\t\t<\/div>\t\n\t\t\t\t\t\t\t\t   \n\t\t\t\t\t\n\t\t\t<\/div>\t\n\t\t\n\t\t\t<div class=\"eae-thumb-container swiper eae-gallery-thumbs eae-thumb-horizontal-bottom\">\n\t\t\t\t<div class=\"eae-thumb-wrapper swiper-wrapper\">\n\t\t\t\t\t\t\t\t\t\t   \n\t\t\t\t\t\t<div class=\"elementor-repeater-item-53d190d eae-thumb-slide swiper-slide\" style=\"background-image : url(https:\/\/idealeturismo.com.br\/wp-content\/uploads\/2022\/03\/DSC_0165.jpg);\">\n\t\t\t\t\t\t\t\t<div class='eae-fit-aspect-ratio'><\/div>\n\t\t\t\t\t\t<\/div>\n\t\t\t\t\t\t\t\t\t\t   \n\t\t\t\t\t\t<div class=\"elementor-repeater-item-25ec762 eae-thumb-slide swiper-slide\" style=\"background-image : url(https:\/\/idealeturismo.com.br\/wp-content\/uploads\/2022\/03\/DSC_0191.jpg);\">\n\t\t\t\t\t\t\t\t<div class='eae-fit-aspect-ratio'><\/div>\n\t\t\t\t\t\t<\/div>\n\t\t\t\t\t\t\t\t\t\t   \n\t\t\t\t\t\t<div class=\"elementor-repeater-item-db48526 eae-thumb-slide swiper-slide\" style=\"background-image : url(https:\/\/idealeturismo.com.br\/wp-content\/uploads\/2022\/03\/moinho01.jpg);\">\n\t\t\t\t\t\t\t\t<div class='eae-fit-aspect-ratio'><\/div>\n\t\t\t\t\t\t<\/div>\n\t\t\t\t\t\t\t\t\t\t   \n\t\t\t\t\t\t<div class=\"elementor-repeater-item-6047974 eae-thumb-slide swiper-slide\" style=\"background-image : url(https:\/\/idealeturismo.com.br\/wp-content\/uploads\/2022\/03\/linha_nova.jpg);\">\n\t\t\t\t\t\t\t\t<div class='eae-fit-aspect-ratio'><\/div>\n\t\t\t\t\t\t<\/div>\n\t\t\t\t\t\t\t\t\t\t   \n\t\t\t\t\t\t<div class=\"elementor-repeater-item-2046b93 eae-thumb-slide swiper-slide\" style=\"background-image : url(https:\/\/idealeturismo.com.br\/wp-content\/uploads\/2022\/03\/DSC_0168.jpg);\">\n\t\t\t\t\t\t\t\t<div class='eae-fit-aspect-ratio'><\/div>\n\t\t\t\t\t\t<\/div>\n\t\t\t\t\t \n\t\t\t\t<\/div>\n\n\t\t\t\t\n\t\t\t<\/div>\n\n\t\t\t\t<\/div> \n\t\t\t\t\t\t<\/div>\n\t\t\t\t<\/div>\n\t\t\t\t<div class=\"elementor-element elementor-element-3cc5c23a elementor-widget elementor-widget-heading\" data-id=\"3cc5c23a\" data-element_type=\"widget\" data-e-type=\"widget\" data-widget_type=\"heading.default\">\n\t\t\t\t<div class=\"elementor-widget-container\">\n\t\t\t\t\t<h4 class=\"elementor-heading-title elementor-size-default\">Sobre o passeio<\/h4>\t\t\t\t<\/div>\n\t\t\t\t<\/div>\n\t\t\t\t<div class=\"elementor-element elementor-element-8a6653a elementor-widget elementor-widget-text-editor\" data-id=\"8a6653a\" data-element_type=\"widget\" data-e-type=\"widget\" data-widget_type=\"text-editor.default\">\n\t\t\t\t<div class=\"elementor-widget-container\">\n\t\t\t\t\t\t\t\t\t<p style=\"text-align: left;\">No Tour Linha Bella, al\u00e9m das exuberantes paisagens que se descortinar\u00e3o ao longo do trajeto, o visitante ter\u00e1 oportunidade de conhecer h\u00e1bitos e costumes herdados dos imigrantes italianos. Inserido a este universo de paisagens buc\u00f3licas, ser\u00e1 poss\u00edvel desfrutar e admirar os mais variados recantos naturais, observar as diferentes esp\u00e9cies da fauna e flora da regi\u00e3o, vivenciar o dia a dia das fam\u00edlias, conhecer seus h\u00e1bitos e costumes.<\/p>\t\t\t\t\t\t\t\t<\/div>\n\t\t\t\t<\/div>\n\t\t\t\t<div class=\"elementor-element elementor-element-4a62082f elementor-widget elementor-widget-heading\" data-id=\"4a62082f\" data-element_type=\"widget\" data-e-type=\"widget\" data-widget_type=\"heading.default\">\n\t\t\t\t<div class=\"elementor-widget-container\">\n\t\t\t\t\t<h4 class=\"elementor-heading-title elementor-size-default\">Detalhes<\/h4>\t\t\t\t<\/div>\n\t\t\t\t<\/div>\n\t\t\t\t<section class=\"has_eae_slider elementor-section elementor-inner-section elementor-element elementor-element-6953c748 elementor-section-boxed elementor-section-height-default elementor-section-height-default\" data-eae-slider=\"40021\" data-id=\"6953c748\" data-element_type=\"section\" data-e-type=\"section\">\n\t\t\t\t\t\t<div class=\"elementor-container elementor-column-gap-default\">\n\t\t\t\t\t<div class=\"has_eae_slider elementor-column elementor-col-100 elementor-inner-column elementor-element elementor-element-40f6b4aa\" data-eae-slider=\"25657\" data-id=\"40f6b4aa\" data-element_type=\"column\" data-e-type=\"column\">\n\t\t\t<div class=\"elementor-widget-wrap elementor-element-populated\">\n\t\t\t\t\t\t<div class=\"elementor-element elementor-element-11d4c2ab elementor-widget elementor-widget-text-editor\" data-id=\"11d4c2ab\" data-element_type=\"widget\" data-e-type=\"widget\" data-widget_type=\"text-editor.default\">\n\t\t\t\t<div class=\"elementor-widget-container\">\n\t\t\t\t\t\t\t\t\t<p><strong>&#8211; Primeira Visita<\/strong>\u00a0&#8211; Vin\u00edcola Masotti (Visita e degusta\u00e7\u00f5es inclusos). Junto a Vin\u00edcola, as curiosidades e particularidades da produ\u00e7\u00e3o de sucos e vinhos ser\u00e3o desvendadas. Todas as fases do produto at\u00e9 a sua matura\u00e7\u00e3o, ser\u00e3o demonstradas com muita simpatia pelo Sr. Masotti.<\/p><p>\u00a0<\/p><p><strong>&#8211; Segunda Visita<\/strong>\u00a0&#8211; Velho Casar\u00e3o (Visita e degusta\u00e7\u00f5es inclusos) Descendentes do Sr. Vicenzo Marcon apresentar\u00e3o sua hist\u00f3ria de vida, narrando a trajet\u00f3ria de sua fam\u00edlia hoje em sua quinta gera\u00e7\u00e3o. Vest\u00edgios do passado poder\u00e3o ser observados na arquitetura da velha constru\u00e7\u00e3o, mobili\u00e1rio e ferramentas utilizadas na \u00e9poca.<\/p><p>\u00a0<\/p><p><strong>&#8211; Terceira Visita<\/strong>\u00a0&#8211; Moinho Cavichion (Visita e degusta\u00e7\u00f5es inclusos) Al\u00e9m das informa\u00e7\u00f5es relativas ao moinho e sua produ\u00e7\u00e3o de farinha de milho, narrativas sobre a chegada, instala\u00e7\u00e3o e forma\u00e7\u00e3o das fam\u00edlias dos imigrantes italianos e alem\u00e3es, ser\u00e3o traduzidas com orgulho, alegria e descontra\u00e7\u00e3o.<\/p><p>\u00a0<\/p><p><strong>&#8211; Quarta Visita<\/strong>\u00a0&#8211; Cantina Linha Bella (Almo\u00e7o incluso &#8211; Bebidas a parte). Neste local ser\u00e1 imposs\u00edvel resistir ao pecado da gula. Todo sabor da comida italiana, que se mant\u00e9m aquecida sobre um fog\u00e3o \u00e0 lenha, lhe remeter\u00e1 ao passado, quando as grandes fam\u00edlias italianas reuniam-se aos domingos para almo\u00e7ar na casa da Nona.<\/p><p>\u00a0<\/p><p><strong>&#8211; Linha Nova<\/strong> &#8211; (visita inclusa). Panor\u00e2mico na localidade da Linha Nova. Local onde nasceu Gramado. Tamb\u00e9m visitaremos o primeiro a\u00e7ougue e abatedouro da regi\u00e3o, bem como, o primeiro mercado de Gramado.<\/p>\t\t\t\t\t\t\t\t<\/div>\n\t\t\t\t<\/div>\n\t\t\t\t\t<\/div>\n\t\t<\/div>\n\t\t\t\t\t<\/div>\n\t\t<\/section>\n\t\t\t\t<section class=\"has_eae_slider elementor-section elementor-inner-section elementor-element elementor-element-d8dfed1 animated-slow elementor-section-content-middle elementor-section-boxed elementor-section-height-default elementor-section-height-default elementor-invisible\" data-eae-slider=\"73432\" data-id=\"d8dfed1\" data-element_type=\"section\" data-e-type=\"section\" data-settings=\"{&quot;background_background&quot;:&quot;classic&quot;,&quot;animation&quot;:&quot;shake&quot;,&quot;animation_delay&quot;:50}\">\n\t\t\t\t\t\t<div class=\"elementor-container elementor-column-gap-default\">\n\t\t\t\t\t<div class=\"has_eae_slider elementor-column elementor-col-100 elementor-inner-column elementor-element elementor-element-22252b\" data-eae-slider=\"4514\" data-id=\"22252b\" data-element_type=\"column\" data-e-type=\"column\">\n\t\t\t<div class=\"elementor-widget-wrap elementor-element-populated\">\n\t\t\t\t\t\t<div class=\"elementor-element elementor-element-6dc7733b elementor-widget elementor-widget-text-editor\" data-id=\"6dc7733b\" data-element_type=\"widget\" data-e-type=\"widget\" data-widget_type=\"text-editor.default\">\n\t\t\t\t<div class=\"elementor-widget-container\">\n\t\t\t\t\t\t\t\t\t<p><strong>Dura\u00e7\u00e3o:<\/strong> Aproximadamente 7 horas.<br \/><strong>Hor\u00e1rio de sa\u00edda do passeio:<\/strong> Aproximadamente 08:30h. <br \/><strong>Hor\u00e1rio de retorno do passeio:<\/strong> Aproximadamente 15:00h.<br \/><strong>Locais de Sa\u00edda:<\/strong> Hot\u00e9is e pousadas de Gramado ou Canela.<br \/>O passeio \u00e9 feito em um \u00f4nibus tem\u00e1tico.<\/p>\t\t\t\t\t\t\t\t<\/div>\n\t\t\t\t<\/div>\n\t\t\t\t<div class=\"elementor-element elementor-element-235621e elementor-align-center elementor-widget elementor-widget-button\" data-id=\"235621e\" data-element_type=\"widget\" data-e-type=\"widget\" data-widget_type=\"button.default\">\n\t\t\t\t<div class=\"elementor-widget-container\">\n\t\t\t\t\t\t\t\t\t<div class=\"elementor-button-wrapper\">\n\t\t\t\t\t<a class=\"elementor-button elementor-button-link elementor-size-sm\" href=\"https:\/\/api.whatsapp.com\/send?phone=5554999682043&#038;text=Gostaria%20de%20solicitar%20or\u00e7amento\">\n\t\t\t\t\t\t<span class=\"elementor-button-content-wrapper\">\n\t\t\t\t\t\t\t\t\t<span class=\"elementor-button-text\">SOLICITE OR\u00c7AMENTO<\/span>\n\t\t\t\t\t<\/span>\n\t\t\t\t\t<\/a>\n\t\t\t\t<\/div>\n\t\t\t\t\t\t\t\t<\/div>\n\t\t\t\t<\/div>\n\t\t\t\t\t<\/div>\n\t\t<\/div>\n\t\t\t\t\t<\/div>\n\t\t<\/section>\n\t\t\t\t\t<\/div>\n\t\t<\/div>\n\t\t\t\t\t<\/div>\n\t\t<\/section>\n\t\t\t\t<\/div>\n\t\t","protected":false},"excerpt":{"rendered":"<p>Tour Linha Bella Sobre o passeio No Tour Linha Bella, al\u00e9m das exuberantes paisagens que se descortinar\u00e3o ao longo do trajeto, o visitante ter\u00e1 oportunidade de conhecer h\u00e1bitos e costumes herdados dos imigrantes italianos. Inserido a este universo de paisagens buc\u00f3licas, ser\u00e1 poss\u00edvel desfrutar e admirar os mais variados recantos naturais, observar as diferentes esp\u00e9cies [&hellip;]<\/p>\n","protected":false},"author":1,"featured_media":0,"parent":0,"menu_order":0,"comment_status":"closed","ping_status":"closed","template":"","meta":{"_glsr_average":0,"_glsr_ranking":0,"_glsr_reviews":0,"footnotes":""},"class_list":["post-334","page","type-page","status-publish","hentry"],"_links":{"self":[{"href":"https:\/\/idealeturismo.com.br\/index.php\/wp-json\/wp\/v2\/pages\/334","targetHints":{"allow":["GET"]}}],"collection":[{"href":"https:\/\/idealeturismo.com.br\/index.php\/wp-json\/wp\/v2\/pages"}],"about":[{"href":"https:\/\/idealeturismo.com.br\/index.php\/wp-json\/wp\/v2\/types\/page"}],"author":[{"embeddable":true,"href":"https:\/\/idealeturismo.com.br\/index.php\/wp-json\/wp\/v2\/users\/1"}],"replies":[{"embeddable":true,"href":"https:\/\/idealeturismo.com.br\/index.php\/wp-json\/wp\/v2\/comments?post=334"}],"version-history":[{"count":22,"href":"https:\/\/idealeturismo.com.br\/index.php\/wp-json\/wp\/v2\/pages\/334\/revisions"}],"predecessor-version":[{"id":1963,"href":"https:\/\/idealeturismo.com.br\/index.php\/wp-json\/wp\/v2\/pages\/334\/revisions\/1963"}],"wp:attachment":[{"href":"https:\/\/idealeturismo.com.br\/index.php\/wp-json\/wp\/v2\/media?parent=334"}],"curies":[{"name":"wp","href":"https:\/\/api.w.org\/{rel}","templated":true}]}}