{"id":312,"date":"2022-03-30T14:04:56","date_gmt":"2022-03-30T14:04:56","guid":{"rendered":"https:\/\/idealeturismo.com.br\/?page_id=312"},"modified":"2026-03-04T23:29:40","modified_gmt":"2026-03-04T23:29:40","slug":"tour-alemao-em-nova-petropolis","status":"publish","type":"page","link":"https:\/\/idealeturismo.com.br\/index.php\/tour-alemao-em-nova-petropolis\/","title":{"rendered":"Tour Alem\u00e3o em Nova Petr\u00f3polis"},"content":{"rendered":"\t\t<div data-elementor-type=\"wp-page\" data-elementor-id=\"312\" class=\"elementor elementor-312\" data-elementor-post-type=\"page\">\n\t\t\t\t\t\t<section class=\"has_eae_slider elementor-section elementor-top-section elementor-element elementor-element-1b0a108b elementor-section-content-top elementor-section-boxed elementor-section-height-default elementor-section-height-default\" data-eae-slider=\"58914\" data-id=\"1b0a108b\" data-element_type=\"section\" data-e-type=\"section\">\n\t\t\t\t\t\t<div class=\"elementor-container elementor-column-gap-default\">\n\t\t\t\t\t<div class=\"has_eae_slider elementor-column elementor-col-100 elementor-top-column elementor-element elementor-element-20207b71\" data-eae-slider=\"82643\" data-id=\"20207b71\" data-element_type=\"column\" data-e-type=\"column\">\n\t\t\t<div class=\"elementor-widget-wrap elementor-element-populated\">\n\t\t\t\t\t\t<div class=\"elementor-element elementor-element-4e50731a elementor-widget elementor-widget-heading\" data-id=\"4e50731a\" data-element_type=\"widget\" data-e-type=\"widget\" data-widget_type=\"heading.default\">\n\t\t\t\t<div class=\"elementor-widget-container\">\n\t\t\t\t\t<h3 class=\"elementor-heading-title elementor-size-default\">Tour Alem\u00e3o em Nova Petr\u00f3polis\n<\/h3>\t\t\t\t<\/div>\n\t\t\t\t<\/div>\n\t\t\t\t<div class=\"elementor-element elementor-element-57ac7b7 eae--hr-position-center eae--vr-position-middle elementor-widget elementor-widget-eae-thumbgallery\" data-id=\"57ac7b7\" data-element_type=\"widget\" data-e-type=\"widget\" data-settings=\"{&quot;thumb_slides_per_view&quot;:6,&quot;thumb_slides_per_view_mobile&quot;:4,&quot;thumb_slides_per_view_tablet&quot;:3,&quot;thumb_space_between&quot;:10,&quot;thumb_space_between_tablet&quot;:10,&quot;thumb_space_between_mobile&quot;:5,&quot;slider_space_between&quot;:{&quot;unit&quot;:&quot;px&quot;,&quot;size&quot;:10,&quot;sizes&quot;:[]},&quot;slider_space_between_tablet&quot;:{&quot;unit&quot;:&quot;px&quot;,&quot;size&quot;:15,&quot;sizes&quot;:[]},&quot;slider_space_between_mobile&quot;:{&quot;unit&quot;:&quot;px&quot;,&quot;size&quot;:10,&quot;sizes&quot;:[]}}\" data-widget_type=\"eae-thumbgallery.default\">\n\t\t\t\t<div class=\"elementor-widget-container\">\n\t\t\t\t\t\n\t\t<div class=\"eae-swiper-outer-wrapper eae-swiper\" data-swiper-settings=\"{&quot;breakpoints_value&quot;:{&quot;mobile&quot;:320,&quot;tablet&quot;:768,&quot;desktop&quot;:1025},&quot;thumbs&quot;:{&quot;spaceBetween&quot;:{&quot;mobile&quot;:5,&quot;tablet&quot;:10,&quot;default&quot;:10},&quot;slidesPerView&quot;:{&quot;mobile&quot;:4,&quot;tablet&quot;:3,&quot;default&quot;:6}},&quot;effect&quot;:&quot;slide&quot;,&quot;speed&quot;:500,&quot;autoplay&quot;:{&quot;duration&quot;:5000,&quot;reverseDirection&quot;:false,&quot;slider_direction&quot;:&quot;ltr&quot;,&quot;disableOnInteraction&quot;:true},&quot;pauseOnHover&quot;:&quot;yes&quot;,&quot;spaceBetween&quot;:{&quot;mobile&quot;:1,&quot;tablet&quot;:1,&quot;default&quot;:10},&quot;loop&quot;:&quot;yes&quot;,&quot;navigation&quot;:&quot;yes&quot;,&quot;pagination&quot;:&quot;bullets&quot;,&quot;clickable&quot;:true,&quot;keyboard&quot;:true}\">\n\t\t\t\t\t   \n\t\t\t<div class=\"eae-swiper-container swiper\">\n\t\t\t\t<div class=\"eae-swiper-wrapper swiper-wrapper slider_vertical_wrapper\">\n\t\t\t\t\t\n\n\t\t\t\t\t<div class=\"elementor-repeater-item-53d190d eae-swiper-slide swiper-slide\" style=\"background-image : url(https:\/\/idealeturismo.com.br\/wp-content\/uploads\/2022\/03\/Torre-Informacoes-Sabrina-Schuster.jpg);\">\n\t\t\t\t   \n\t\t\t\t\t\t\t\t\t\t\t\t<div class=\"eae-slide-inner\">\t\t\t\t\t\t\t\t\t\t\t\t\t\t<\/div>\t\t\t\t\t\t\t<\/div>\n\t\t\t\t   \n\t\t\t\t\t\n\n\t\t\t\t\t<div class=\"elementor-repeater-item-25ec762 eae-swiper-slide swiper-slide\" style=\"background-image : url(https:\/\/idealeturismo.com.br\/wp-content\/uploads\/2022\/03\/danca-tipica-noite-alema.jpg);\">\n\t\t\t\t   \n\t\t\t\t\t\t\t\t\t\t\t\t<div class=\"eae-slide-inner\">\t\t\t\t\t\t\t\t\t\t\t\t\t\t<\/div>\t\t\t\t\t\t\t<\/div>\n\t\t\t\t   \n\t\t\t\t\t\n\n\t\t\t\t\t<div class=\"elementor-repeater-item-0666c85 eae-swiper-slide swiper-slide\" style=\"background-image : url(https:\/\/idealeturismo.com.br\/wp-content\/uploads\/2022\/03\/42329b53-06b7-408a-acd3-0a0eacb87d1e.jpg);\">\n\t\t\t\t   \n\t\t\t\t\t\t\t\t\t\t\t\t<div class=\"eae-slide-inner\">\t\t\t\t\t\t\t\t\t\t\t\t\t\t<\/div>\t\t\t\t\t\t\t<\/div>\n\t\t\t\t   \n\t\t\t\t\t\n\n\t\t\t\t\t<div class=\"elementor-repeater-item-dc9c895 eae-swiper-slide swiper-slide\" style=\"background-image : url(https:\/\/idealeturismo.com.br\/wp-content\/uploads\/2022\/03\/758537cd-9e5b-4b99-a89f-b54f717f7f9b.jpg);\">\n\t\t\t\t   \n\t\t\t\t\t\t\t\t\t\t\t\t<div class=\"eae-slide-inner\">\t\t\t\t\t\t\t\t\t\t\t\t\t\t<\/div>\t\t\t\t\t\t\t<\/div>\n\t\t\t\t   \n\t\t\t\t\t\n\n\t\t\t\t\t<div class=\"elementor-repeater-item-a51ada4 eae-swiper-slide swiper-slide\" style=\"background-image : url(https:\/\/idealeturismo.com.br\/wp-content\/uploads\/2022\/04\/blog-vnp-16.png);\">\n\t\t\t\t   \n\t\t\t\t\t\t\t\t\t\t\t\t<div class=\"eae-slide-inner\">\t\t\t\t\t\t\t\t\t\t\t\t\t\t<\/div>\t\t\t\t\t\t\t<\/div>\n\t\t\t\t   \n\t\t\t\t\t\n\n\t\t\t\t\t<div class=\"elementor-repeater-item-4e43587 eae-swiper-slide swiper-slide\" style=\"background-image : url(https:\/\/idealeturismo.com.br\/wp-content\/uploads\/2022\/04\/IMG_8255.jpg);\">\n\t\t\t\t   \n\t\t\t\t\t\t\t\t\t\t\t\t<div class=\"eae-slide-inner\">\t\t\t\t\t\t\t\t\t\t\t\t\t\t<\/div>\t\t\t\t\t\t\t<\/div>\n\t\t\t\t   \n\t\t\t\t\t\n\n\t\t\t\t\t<div class=\"elementor-repeater-item-c6a9c21 eae-swiper-slide swiper-slide\" style=\"background-image : url(https:\/\/idealeturismo.com.br\/wp-content\/uploads\/2022\/04\/IMG_8698-h.jpg);\">\n\t\t\t\t   \n\t\t\t\t\t\t\t\t\t\t\t\t<div class=\"eae-slide-inner\">\t\t\t\t\t\t\t\t\t\t\t\t\t\t<\/div>\t\t\t\t\t\t\t<\/div>\n\t\t\t\t   \n\t\t\t\t\t\n\n\t\t\t\t\t<div class=\"elementor-repeater-item-bcc95ed eae-swiper-slide swiper-slide\" style=\"background-image : url(https:\/\/idealeturismo.com.br\/wp-content\/uploads\/2022\/03\/fa617c11-1fd1-4871-b2f2-036beee91cc2.jpg);\">\n\t\t\t\t   \n\t\t\t\t\t\t\t\t\t\t\t\t<div class=\"eae-slide-inner\">\t\t\t\t\t\t\t\t\t\t\t\t\t\t<\/div>\t\t\t\t\t\t\t<\/div>\n\t\t\t\t   \n\t\t\t\t\t\n\n\t\t\t\t\t<div class=\"elementor-repeater-item-d65d5c5 eae-swiper-slide swiper-slide\" style=\"background-image : url(https:\/\/idealeturismo.com.br\/wp-content\/uploads\/2022\/04\/IMG_8554-h.jpg);\">\n\t\t\t\t   \n\t\t\t\t\t\t\t\t\t\t\t\t<div class=\"eae-slide-inner\">\t\t\t\t\t\t\t\t\t\t\t\t\t\t<\/div>\t\t\t\t\t\t\t<\/div>\n\t\t\t\t   \n\t\t\t\t\t \n\t\t\t\t<\/div>\n\t\t\t   \n\t\t\t\t\t\t\t\t\t<div class = \"eae-swiper-pagination swiper-pagination\"><\/div>\n\t\t\t\t\t\t\t\t\t\t\t\t\t\t<div class = \" eae-swiper-button eae-slider-nav-button  eae-swiper-button-prev\">\n\t\t\t\t\t\t\t<i class=\"fa fa-angle-left\"><\/i>\t\t\t\t\t\t<\/div>\t\n\t\t\t\t\t\t   \n\t\t\t\t\t\t<div class = \"eae-swiper-button eae-slider-nav-button eae-swiper-button-next\">\n\t\t\t\t\t\t\t<i class=\"fa fa-angle-right\"><\/i>\t\t\t\t\t\t<\/div>\t\n\t\t\t\t\t\t\t\t   \n\t\t\t\t\t\n\t\t\t<\/div>\t\n\t\t\n\t\t\t<div class=\"eae-thumb-container swiper eae-gallery-thumbs eae-thumb-horizontal-bottom\">\n\t\t\t\t<div class=\"eae-thumb-wrapper swiper-wrapper\">\n\t\t\t\t\t\t\t\t\t\t   \n\t\t\t\t\t\t<div class=\"elementor-repeater-item-53d190d eae-thumb-slide swiper-slide\" style=\"background-image : url(https:\/\/idealeturismo.com.br\/wp-content\/uploads\/2022\/03\/Torre-Informacoes-Sabrina-Schuster.jpg);\">\n\t\t\t\t\t\t\t\t<div class='eae-fit-aspect-ratio'><\/div>\n\t\t\t\t\t\t<\/div>\n\t\t\t\t\t\t\t\t\t\t   \n\t\t\t\t\t\t<div class=\"elementor-repeater-item-25ec762 eae-thumb-slide swiper-slide\" style=\"background-image : url(https:\/\/idealeturismo.com.br\/wp-content\/uploads\/2022\/03\/danca-tipica-noite-alema.jpg);\">\n\t\t\t\t\t\t\t\t<div class='eae-fit-aspect-ratio'><\/div>\n\t\t\t\t\t\t<\/div>\n\t\t\t\t\t\t\t\t\t\t   \n\t\t\t\t\t\t<div class=\"elementor-repeater-item-0666c85 eae-thumb-slide swiper-slide\" style=\"background-image : url(https:\/\/idealeturismo.com.br\/wp-content\/uploads\/2022\/03\/42329b53-06b7-408a-acd3-0a0eacb87d1e.jpg);\">\n\t\t\t\t\t\t\t\t<div class='eae-fit-aspect-ratio'><\/div>\n\t\t\t\t\t\t<\/div>\n\t\t\t\t\t\t\t\t\t\t   \n\t\t\t\t\t\t<div class=\"elementor-repeater-item-dc9c895 eae-thumb-slide swiper-slide\" style=\"background-image : url(https:\/\/idealeturismo.com.br\/wp-content\/uploads\/2022\/03\/758537cd-9e5b-4b99-a89f-b54f717f7f9b.jpg);\">\n\t\t\t\t\t\t\t\t<div class='eae-fit-aspect-ratio'><\/div>\n\t\t\t\t\t\t<\/div>\n\t\t\t\t\t\t\t\t\t\t   \n\t\t\t\t\t\t<div class=\"elementor-repeater-item-a51ada4 eae-thumb-slide swiper-slide\" style=\"background-image : url(https:\/\/idealeturismo.com.br\/wp-content\/uploads\/2022\/04\/blog-vnp-16.png);\">\n\t\t\t\t\t\t\t\t<div class='eae-fit-aspect-ratio'><\/div>\n\t\t\t\t\t\t<\/div>\n\t\t\t\t\t\t\t\t\t\t   \n\t\t\t\t\t\t<div class=\"elementor-repeater-item-4e43587 eae-thumb-slide swiper-slide\" style=\"background-image : url(https:\/\/idealeturismo.com.br\/wp-content\/uploads\/2022\/04\/IMG_8255.jpg);\">\n\t\t\t\t\t\t\t\t<div class='eae-fit-aspect-ratio'><\/div>\n\t\t\t\t\t\t<\/div>\n\t\t\t\t\t\t\t\t\t\t   \n\t\t\t\t\t\t<div class=\"elementor-repeater-item-c6a9c21 eae-thumb-slide swiper-slide\" style=\"background-image : url(https:\/\/idealeturismo.com.br\/wp-content\/uploads\/2022\/04\/IMG_8698-h.jpg);\">\n\t\t\t\t\t\t\t\t<div class='eae-fit-aspect-ratio'><\/div>\n\t\t\t\t\t\t<\/div>\n\t\t\t\t\t\t\t\t\t\t   \n\t\t\t\t\t\t<div class=\"elementor-repeater-item-bcc95ed eae-thumb-slide swiper-slide\" style=\"background-image : url(https:\/\/idealeturismo.com.br\/wp-content\/uploads\/2022\/03\/fa617c11-1fd1-4871-b2f2-036beee91cc2.jpg);\">\n\t\t\t\t\t\t\t\t<div class='eae-fit-aspect-ratio'><\/div>\n\t\t\t\t\t\t<\/div>\n\t\t\t\t\t\t\t\t\t\t   \n\t\t\t\t\t\t<div class=\"elementor-repeater-item-d65d5c5 eae-thumb-slide swiper-slide\" style=\"background-image : url(https:\/\/idealeturismo.com.br\/wp-content\/uploads\/2022\/04\/IMG_8554-h.jpg);\">\n\t\t\t\t\t\t\t\t<div class='eae-fit-aspect-ratio'><\/div>\n\t\t\t\t\t\t<\/div>\n\t\t\t\t\t \n\t\t\t\t<\/div>\n\n\t\t\t\t\n\t\t\t<\/div>\n\n\t\t\t\t<\/div> \n\t\t\t\t\t\t<\/div>\n\t\t\t\t<\/div>\n\t\t\t\t<div class=\"elementor-element elementor-element-41a937d8 elementor-widget elementor-widget-heading\" data-id=\"41a937d8\" data-element_type=\"widget\" data-e-type=\"widget\" data-widget_type=\"heading.default\">\n\t\t\t\t<div class=\"elementor-widget-container\">\n\t\t\t\t\t<h4 class=\"elementor-heading-title elementor-size-default\">Sobre o passeio<\/h4>\t\t\t\t<\/div>\n\t\t\t\t<\/div>\n\t\t\t\t<div class=\"elementor-element elementor-element-5ac5362 elementor-widget elementor-widget-text-editor\" data-id=\"5ac5362\" data-element_type=\"widget\" data-e-type=\"widget\" data-widget_type=\"text-editor.default\">\n\t\t\t\t<div class=\"elementor-widget-container\">\n\t\t\t\t\t\t\t\t\t<p style=\"text-align: left;\">Este tour \u00e9 especial para quem quer conhecer toda a cultura alem\u00e3 impressa na arquitetura e tradi\u00e7\u00e3o da cidade de Nova Petr\u00f3polis.<\/p>\t\t\t\t\t\t\t\t<\/div>\n\t\t\t\t<\/div>\n\t\t\t\t<div class=\"elementor-element elementor-element-2253b25d elementor-widget elementor-widget-heading\" data-id=\"2253b25d\" data-element_type=\"widget\" data-e-type=\"widget\" data-widget_type=\"heading.default\">\n\t\t\t\t<div class=\"elementor-widget-container\">\n\t\t\t\t\t<h4 class=\"elementor-heading-title elementor-size-default\">Detalhes<\/h4>\t\t\t\t<\/div>\n\t\t\t\t<\/div>\n\t\t\t\t<section class=\"has_eae_slider elementor-section elementor-inner-section elementor-element elementor-element-4e72d665 elementor-section-boxed elementor-section-height-default elementor-section-height-default\" data-eae-slider=\"24167\" data-id=\"4e72d665\" data-element_type=\"section\" data-e-type=\"section\">\n\t\t\t\t\t\t<div class=\"elementor-container elementor-column-gap-default\">\n\t\t\t\t\t<div class=\"has_eae_slider elementor-column elementor-col-100 elementor-inner-column elementor-element elementor-element-5d0a1e32\" data-eae-slider=\"92794\" data-id=\"5d0a1e32\" data-element_type=\"column\" data-e-type=\"column\">\n\t\t\t<div class=\"elementor-widget-wrap elementor-element-populated\">\n\t\t\t\t\t\t<div class=\"elementor-element elementor-element-20585fc8 elementor-widget elementor-widget-text-editor\" data-id=\"20585fc8\" data-element_type=\"widget\" data-e-type=\"widget\" data-widget_type=\"text-editor.default\">\n\t\t\t\t<div class=\"elementor-widget-container\">\n\t\t\t\t\t\t\t\t\t<p>A hist\u00f3ria dos imigrantes alem\u00e3es \u00e9 recontada atrav\u00e9s do Parque Esculturas Pedras do Sil\u00eancio.<\/p><p>Na Linha Imperial (panor\u00e2mico) contemplaremos a arquitetura do local, que foi o ber\u00e7o do cooperativismo rural e do desenvolvimento econ\u00f4mico de Nova Petr\u00f3polis.<\/p><p>Visitaremos tamb\u00e9m a Aldeia do Imigrante, onde poderemos ver o resgate de toda a hist\u00f3ria da chegada dos imigrantes alem\u00e3es:<\/p><ul><li><strong>Labirinto Verde<\/strong><\/li><li><strong>Pra\u00e7a das Flores<\/strong><\/li><li><strong>Cidade Zaandam<\/strong><\/li><li><strong><strong>Casa Sander para fazer um piquenique debaixo dos pomares frut\u00edferos.<\/strong><\/strong><\/li><\/ul>\t\t\t\t\t\t\t\t<\/div>\n\t\t\t\t<\/div>\n\t\t\t\t\t<\/div>\n\t\t<\/div>\n\t\t\t\t\t<\/div>\n\t\t<\/section>\n\t\t\t\t<section class=\"has_eae_slider elementor-section elementor-inner-section elementor-element elementor-element-63a4c3b elementor-section-full_width elementor-section-height-default elementor-section-height-default\" data-eae-slider=\"31199\" data-id=\"63a4c3b\" data-element_type=\"section\" data-e-type=\"section\">\n\t\t\t\t\t\t<div class=\"elementor-container elementor-column-gap-default\">\n\t\t\t\t\t<div class=\"has_eae_slider elementor-column elementor-col-100 elementor-inner-column elementor-element elementor-element-3248706\" data-eae-slider=\"85599\" data-id=\"3248706\" data-element_type=\"column\" data-e-type=\"column\" data-settings=\"{&quot;background_background&quot;:&quot;classic&quot;}\">\n\t\t\t<div class=\"elementor-widget-wrap elementor-element-populated\">\n\t\t\t\t\t\t<div class=\"elementor-element elementor-element-7f22ddf elementor-widget elementor-widget-text-editor\" data-id=\"7f22ddf\" data-element_type=\"widget\" data-e-type=\"widget\" data-widget_type=\"text-editor.default\">\n\t\t\t\t<div class=\"elementor-widget-container\">\n\t\t\t\t\t\t\t\t\t<p><strong><em>Salientamos que por serem passeios privativos, voc\u00ea decide quais atrativos deseja visitar<br \/>e o tempo que permanecer\u00e1 em cada um deles, de acordo com a dura\u00e7\u00e3o total de passeio que segue descrita abaixo.<\/em><\/strong><\/p>\t\t\t\t\t\t\t\t<\/div>\n\t\t\t\t<\/div>\n\t\t\t\t\t<\/div>\n\t\t<\/div>\n\t\t\t\t\t<\/div>\n\t\t<\/section>\n\t\t\t\t<section class=\"has_eae_slider elementor-section elementor-inner-section elementor-element elementor-element-47cdd975 animated-slow elementor-section-content-middle elementor-section-boxed elementor-section-height-default elementor-section-height-default elementor-invisible\" data-eae-slider=\"32281\" data-id=\"47cdd975\" data-element_type=\"section\" data-e-type=\"section\" data-settings=\"{&quot;background_background&quot;:&quot;classic&quot;,&quot;animation&quot;:&quot;shake&quot;,&quot;animation_delay&quot;:50}\">\n\t\t\t\t\t\t<div class=\"elementor-container elementor-column-gap-default\">\n\t\t\t\t\t<div class=\"has_eae_slider elementor-column elementor-col-100 elementor-inner-column elementor-element elementor-element-6295405c\" data-eae-slider=\"96171\" data-id=\"6295405c\" data-element_type=\"column\" data-e-type=\"column\">\n\t\t\t<div class=\"elementor-widget-wrap elementor-element-populated\">\n\t\t\t\t\t\t<div class=\"elementor-element elementor-element-afd434e elementor-widget elementor-widget-text-editor\" data-id=\"afd434e\" data-element_type=\"widget\" data-e-type=\"widget\" data-widget_type=\"text-editor.default\">\n\t\t\t\t<div class=\"elementor-widget-container\">\n\t\t\t\t\t\t\t\t\t<p><strong>Dura\u00e7\u00e3o:<\/strong> Aproximadamente 8 horas.<br><strong>Hor\u00e1rio de sa\u00edda estimado do passeio:<\/strong> 09:00h.<br><strong>Hor\u00e1rio de retorno estimado do passeio:<\/strong> 17:00h.<br><strong>Locais de Sa\u00edda:<\/strong> Hot\u00e9is e pousadas de Gramado ou Canela.<br><span style=\"color: #339966;\"><strong>Passeio inclui:<\/strong><\/span> Transporte ida e volta com motorista\/guia \u00e0 disposi\u00e7\u00e3o e visitas propostas no roteiro.<br><span style=\"color: #ff0000;\"><strong>Passeio n\u00e3o inclui:<\/strong><\/span> Ingressos nas atra\u00e7\u00f5es escolhidas, almo\u00e7o e bebidas do almo\u00e7o.<br><\/p>\t\t\t\t\t\t\t\t<\/div>\n\t\t\t\t<\/div>\n\t\t\t\t<div class=\"elementor-element elementor-element-af8128a elementor-align-center elementor-widget elementor-widget-button\" data-id=\"af8128a\" data-element_type=\"widget\" data-e-type=\"widget\" data-widget_type=\"button.default\">\n\t\t\t\t<div class=\"elementor-widget-container\">\n\t\t\t\t\t\t\t\t\t<div class=\"elementor-button-wrapper\">\n\t\t\t\t\t<a class=\"elementor-button elementor-button-link elementor-size-sm\" href=\"https:\/\/api.whatsapp.com\/send?phone=5554999682043&#038;text=Gostaria%20de%20solicitar%20or\u00e7amento\">\n\t\t\t\t\t\t<span class=\"elementor-button-content-wrapper\">\n\t\t\t\t\t\t\t\t\t<span class=\"elementor-button-text\">SOLICITE OR\u00c7AMENTO<\/span>\n\t\t\t\t\t<\/span>\n\t\t\t\t\t<\/a>\n\t\t\t\t<\/div>\n\t\t\t\t\t\t\t\t<\/div>\n\t\t\t\t<\/div>\n\t\t\t\t\t<\/div>\n\t\t<\/div>\n\t\t\t\t\t<\/div>\n\t\t<\/section>\n\t\t\t\t\t<\/div>\n\t\t<\/div>\n\t\t\t\t\t<\/div>\n\t\t<\/section>\n\t\t\t\t<\/div>\n\t\t","protected":false},"excerpt":{"rendered":"<p>Tour Alem\u00e3o em Nova Petr\u00f3polis Sobre o passeio Este tour \u00e9 especial para quem quer conhecer toda a cultura alem\u00e3 impressa na arquitetura e tradi\u00e7\u00e3o da cidade de Nova Petr\u00f3polis. Detalhes A hist\u00f3ria dos imigrantes alem\u00e3es \u00e9 recontada atrav\u00e9s do Parque Esculturas Pedras do Sil\u00eancio. Na Linha Imperial (panor\u00e2mico) contemplaremos a arquitetura do local, que [&hellip;]<\/p>\n","protected":false},"author":1,"featured_media":0,"parent":0,"menu_order":0,"comment_status":"closed","ping_status":"closed","template":"","meta":{"_glsr_average":0,"_glsr_ranking":0,"_glsr_reviews":0,"footnotes":""},"class_list":["post-312","page","type-page","status-publish","hentry"],"_links":{"self":[{"href":"https:\/\/idealeturismo.com.br\/index.php\/wp-json\/wp\/v2\/pages\/312","targetHints":{"allow":["GET"]}}],"collection":[{"href":"https:\/\/idealeturismo.com.br\/index.php\/wp-json\/wp\/v2\/pages"}],"about":[{"href":"https:\/\/idealeturismo.com.br\/index.php\/wp-json\/wp\/v2\/types\/page"}],"author":[{"embeddable":true,"href":"https:\/\/idealeturismo.com.br\/index.php\/wp-json\/wp\/v2\/users\/1"}],"replies":[{"embeddable":true,"href":"https:\/\/idealeturismo.com.br\/index.php\/wp-json\/wp\/v2\/comments?post=312"}],"version-history":[{"count":46,"href":"https:\/\/idealeturismo.com.br\/index.php\/wp-json\/wp\/v2\/pages\/312\/revisions"}],"predecessor-version":[{"id":1957,"href":"https:\/\/idealeturismo.com.br\/index.php\/wp-json\/wp\/v2\/pages\/312\/revisions\/1957"}],"wp:attachment":[{"href":"https:\/\/idealeturismo.com.br\/index.php\/wp-json\/wp\/v2\/media?parent=312"}],"curies":[{"name":"wp","href":"https:\/\/api.w.org\/{rel}","templated":true}]}}