{"id":1360,"date":"2022-05-14T14:19:04","date_gmt":"2022-05-14T14:19:04","guid":{"rendered":"https:\/\/idealeturismo.com.br\/?page_id=1360"},"modified":"2026-03-04T23:33:06","modified_gmt":"2026-03-04T23:33:06","slug":"templo-budista","status":"publish","type":"page","link":"https:\/\/idealeturismo.com.br\/index.php\/templo-budista\/","title":{"rendered":"Templo Budista"},"content":{"rendered":"\t\t<div data-elementor-type=\"wp-page\" data-elementor-id=\"1360\" class=\"elementor elementor-1360\" data-elementor-post-type=\"page\">\n\t\t\t\t\t\t<section class=\"has_eae_slider elementor-section elementor-top-section elementor-element elementor-element-8678a57 elementor-section-content-top elementor-section-boxed elementor-section-height-default elementor-section-height-default\" data-eae-slider=\"69466\" data-id=\"8678a57\" data-element_type=\"section\" data-e-type=\"section\">\n\t\t\t\t\t\t<div class=\"elementor-container elementor-column-gap-default\">\n\t\t\t\t\t<div class=\"has_eae_slider elementor-column elementor-col-100 elementor-top-column elementor-element elementor-element-2fee187\" data-eae-slider=\"93088\" data-id=\"2fee187\" data-element_type=\"column\" data-e-type=\"column\">\n\t\t\t<div class=\"elementor-widget-wrap elementor-element-populated\">\n\t\t\t\t\t\t<div class=\"elementor-element elementor-element-f6514ab elementor-widget elementor-widget-heading\" data-id=\"f6514ab\" data-element_type=\"widget\" data-e-type=\"widget\" data-widget_type=\"heading.default\">\n\t\t\t\t<div class=\"elementor-widget-container\">\n\t\t\t\t\t<h3 class=\"elementor-heading-title elementor-size-default\">Tour Templo Budista\n<\/h3>\t\t\t\t<\/div>\n\t\t\t\t<\/div>\n\t\t\t\t<div class=\"elementor-element elementor-element-1b0a658 eae--hr-position-center eae--vr-position-middle elementor-widget elementor-widget-eae-thumbgallery\" data-id=\"1b0a658\" data-element_type=\"widget\" data-e-type=\"widget\" data-settings=\"{&quot;thumb_slides_per_view&quot;:4,&quot;thumb_slides_per_view_tablet&quot;:3,&quot;thumb_slides_per_view_mobile&quot;:2,&quot;thumb_space_between&quot;:10,&quot;thumb_space_between_tablet&quot;:10,&quot;thumb_space_between_mobile&quot;:5,&quot;slider_space_between&quot;:{&quot;unit&quot;:&quot;px&quot;,&quot;size&quot;:10,&quot;sizes&quot;:[]},&quot;slider_space_between_tablet&quot;:{&quot;unit&quot;:&quot;px&quot;,&quot;size&quot;:15,&quot;sizes&quot;:[]},&quot;slider_space_between_mobile&quot;:{&quot;unit&quot;:&quot;px&quot;,&quot;size&quot;:10,&quot;sizes&quot;:[]}}\" data-widget_type=\"eae-thumbgallery.default\">\n\t\t\t\t<div class=\"elementor-widget-container\">\n\t\t\t\t\t\n\t\t<div class=\"eae-swiper-outer-wrapper eae-swiper\" data-swiper-settings=\"{&quot;breakpoints_value&quot;:{&quot;mobile&quot;:320,&quot;tablet&quot;:768,&quot;desktop&quot;:1025},&quot;thumbs&quot;:{&quot;spaceBetween&quot;:{&quot;mobile&quot;:5,&quot;tablet&quot;:10,&quot;default&quot;:10},&quot;slidesPerView&quot;:{&quot;mobile&quot;:2,&quot;tablet&quot;:3,&quot;default&quot;:4}},&quot;effect&quot;:&quot;slide&quot;,&quot;speed&quot;:500,&quot;autoplay&quot;:{&quot;duration&quot;:5000,&quot;reverseDirection&quot;:false,&quot;slider_direction&quot;:&quot;ltr&quot;,&quot;disableOnInteraction&quot;:true},&quot;pauseOnHover&quot;:&quot;yes&quot;,&quot;spaceBetween&quot;:{&quot;mobile&quot;:1,&quot;tablet&quot;:1,&quot;default&quot;:10},&quot;loop&quot;:&quot;yes&quot;,&quot;navigation&quot;:&quot;yes&quot;,&quot;clickable&quot;:false,&quot;keyboard&quot;:true}\">\n\t\t\t\t\t   \n\t\t\t<div class=\"eae-swiper-container swiper\">\n\t\t\t\t<div class=\"eae-swiper-wrapper swiper-wrapper slider_vertical_wrapper\">\n\t\t\t\t\t\n\n\t\t\t\t\t<div class=\"elementor-repeater-item-53d190d eae-swiper-slide swiper-slide\" style=\"background-image : url(https:\/\/idealeturismo.com.br\/wp-content\/uploads\/2022\/05\/templo_budista-1-of-6.jpg);\">\n\t\t\t\t   \n\t\t\t\t\t\t\t\t\t\t\t\t<div class=\"eae-slide-inner\">\t\t\t\t\t\t\t\t\t\t\t\t\t\t<\/div>\t\t\t\t\t\t\t<\/div>\n\t\t\t\t   \n\t\t\t\t\t\n\n\t\t\t\t\t<div class=\"elementor-repeater-item-25ec762 eae-swiper-slide swiper-slide\" style=\"background-image : url(https:\/\/idealeturismo.com.br\/wp-content\/uploads\/2022\/05\/templo_budista-4-of-6.jpg);\">\n\t\t\t\t   \n\t\t\t\t\t\t\t\t\t\t\t\t<div class=\"eae-slide-inner\">\t\t\t\t\t\t\t\t\t\t\t\t\t\t<\/div>\t\t\t\t\t\t\t<\/div>\n\t\t\t\t   \n\t\t\t\t\t\n\n\t\t\t\t\t<div class=\"elementor-repeater-item-5a4b526 eae-swiper-slide swiper-slide\" style=\"background-image : url(https:\/\/idealeturismo.com.br\/wp-content\/uploads\/2022\/05\/estupas-e-vista-do-vale.jpg);\">\n\t\t\t\t   \n\t\t\t\t\t\t\t\t\t\t\t\t<div class=\"eae-slide-inner\">\t\t\t\t\t\t\t\t\t\t\t\t\t\t<\/div>\t\t\t\t\t\t\t<\/div>\n\t\t\t\t   \n\t\t\t\t\t\n\n\t\t\t\t\t<div class=\"elementor-repeater-item-cb56f8e eae-swiper-slide swiper-slide\" style=\"background-image : url(https:\/\/idealeturismo.com.br\/wp-content\/uploads\/2022\/05\/templo_budista-2-of-6.jpg);\">\n\t\t\t\t   \n\t\t\t\t\t\t\t\t\t\t\t\t<div class=\"eae-slide-inner\">\t\t\t\t\t\t\t\t\t\t\t\t\t\t<\/div>\t\t\t\t\t\t\t<\/div>\n\t\t\t\t   \n\t\t\t\t\t\n\n\t\t\t\t\t<div class=\"elementor-repeater-item-a7fe86d eae-swiper-slide swiper-slide\" style=\"background-image : url(https:\/\/idealeturismo.com.br\/wp-content\/uploads\/2022\/05\/templo_budista-2-of-6.jpg);\">\n\t\t\t\t   \n\t\t\t\t\t\t\t\t\t\t\t\t<div class=\"eae-slide-inner\">\t\t\t\t\t\t\t\t\t\t\t\t\t\t<\/div>\t\t\t\t\t\t\t<\/div>\n\t\t\t\t   \n\t\t\t\t\t \n\t\t\t\t<\/div>\n\t\t\t   \n\t\t\t\t\t\t\t\t\t\t\t\t\t\t<div class = \" eae-swiper-button eae-slider-nav-button  eae-swiper-button-prev\">\n\t\t\t\t\t\t\t<i class=\"fa fa-angle-left\"><\/i>\t\t\t\t\t\t<\/div>\t\n\t\t\t\t\t\t   \n\t\t\t\t\t\t<div class = \"eae-swiper-button eae-slider-nav-button eae-swiper-button-next\">\n\t\t\t\t\t\t\t<i class=\"fa fa-angle-right\"><\/i>\t\t\t\t\t\t<\/div>\t\n\t\t\t\t\t\t\t\t   \n\t\t\t\t\t\n\t\t\t<\/div>\t\n\t\t\n\t\t\t<div class=\"eae-thumb-container swiper eae-gallery-thumbs eae-thumb-horizontal-bottom\">\n\t\t\t\t<div class=\"eae-thumb-wrapper swiper-wrapper\">\n\t\t\t\t\t\t\t\t\t\t   \n\t\t\t\t\t\t<div class=\"elementor-repeater-item-53d190d eae-thumb-slide swiper-slide\" style=\"background-image : url(https:\/\/idealeturismo.com.br\/wp-content\/uploads\/2022\/05\/templo_budista-1-of-6.jpg);\">\n\t\t\t\t\t\t\t\t<div class='eae-fit-aspect-ratio'><\/div>\n\t\t\t\t\t\t<\/div>\n\t\t\t\t\t\t\t\t\t\t   \n\t\t\t\t\t\t<div class=\"elementor-repeater-item-25ec762 eae-thumb-slide swiper-slide\" style=\"background-image : url(https:\/\/idealeturismo.com.br\/wp-content\/uploads\/2022\/05\/templo_budista-4-of-6.jpg);\">\n\t\t\t\t\t\t\t\t<div class='eae-fit-aspect-ratio'><\/div>\n\t\t\t\t\t\t<\/div>\n\t\t\t\t\t\t\t\t\t\t   \n\t\t\t\t\t\t<div class=\"elementor-repeater-item-5a4b526 eae-thumb-slide swiper-slide\" style=\"background-image : url(https:\/\/idealeturismo.com.br\/wp-content\/uploads\/2022\/05\/estupas-e-vista-do-vale.jpg);\">\n\t\t\t\t\t\t\t\t<div class='eae-fit-aspect-ratio'><\/div>\n\t\t\t\t\t\t<\/div>\n\t\t\t\t\t\t\t\t\t\t   \n\t\t\t\t\t\t<div class=\"elementor-repeater-item-cb56f8e eae-thumb-slide swiper-slide\" style=\"background-image : url(https:\/\/idealeturismo.com.br\/wp-content\/uploads\/2022\/05\/templo_budista-2-of-6.jpg);\">\n\t\t\t\t\t\t\t\t<div class='eae-fit-aspect-ratio'><\/div>\n\t\t\t\t\t\t<\/div>\n\t\t\t\t\t\t\t\t\t\t   \n\t\t\t\t\t\t<div class=\"elementor-repeater-item-a7fe86d eae-thumb-slide swiper-slide\" style=\"background-image : url(https:\/\/idealeturismo.com.br\/wp-content\/uploads\/2022\/05\/templo_budista-2-of-6.jpg);\">\n\t\t\t\t\t\t\t\t<div class='eae-fit-aspect-ratio'><\/div>\n\t\t\t\t\t\t<\/div>\n\t\t\t\t\t \n\t\t\t\t<\/div>\n\n\t\t\t\t\n\t\t\t<\/div>\n\n\t\t\t\t<\/div> \n\t\t\t\t\t\t<\/div>\n\t\t\t\t<\/div>\n\t\t\t\t<div class=\"elementor-element elementor-element-2247499 elementor-widget elementor-widget-heading\" data-id=\"2247499\" data-element_type=\"widget\" data-e-type=\"widget\" data-widget_type=\"heading.default\">\n\t\t\t\t<div class=\"elementor-widget-container\">\n\t\t\t\t\t<h4 class=\"elementor-heading-title elementor-size-default\">Sobre o passeio<\/h4>\t\t\t\t<\/div>\n\t\t\t\t<\/div>\n\t\t\t\t<div class=\"elementor-element elementor-element-8310ff7 elementor-widget elementor-widget-text-editor\" data-id=\"8310ff7\" data-element_type=\"widget\" data-e-type=\"widget\" data-widget_type=\"text-editor.default\">\n\t\t\t\t<div class=\"elementor-widget-container\">\n\t\t\t\t\t\t\t\t\t<p>O Chagdud Gonpa Khadro Ling \u00e9 um centro de budismo tibetano localizado em Tr\u00eas Coroas, RS. Pela bondade de seus professores e com o desejo de que o m\u00e1ximo de pessoas se beneficiem com a visita ao local, abrimos nossas portas para receber a todos. <strong>Por\u00e9m, temos algumas regras que devem ser seguidas para que, desta forma, possamos receb\u00ea-los da melhor maneira poss\u00edvel.<\/strong><\/p><p>O uso de m\u00e1scaras para visitar locais fechados \u00e9 facultativo. No entanto, se voc\u00ea desejar permanecer no templo durante a pr\u00e1tica de medita\u00e7\u00e3o, palestras e para fazer medita\u00e7\u00e3o individual, ser\u00e1 necess\u00e1rio usar m\u00e1scara.<\/p>\t\t\t\t\t\t\t\t<\/div>\n\t\t\t\t<\/div>\n\t\t\t\t<div class=\"elementor-element elementor-element-b779be2 elementor-widget elementor-widget-heading\" data-id=\"b779be2\" data-element_type=\"widget\" data-e-type=\"widget\" data-widget_type=\"heading.default\">\n\t\t\t\t<div class=\"elementor-widget-container\">\n\t\t\t\t\t<h4 class=\"elementor-heading-title elementor-size-default\">Detalhes<\/h4>\t\t\t\t<\/div>\n\t\t\t\t<\/div>\n\t\t\t\t<section class=\"has_eae_slider elementor-section elementor-inner-section elementor-element elementor-element-af6bf71 elementor-section-full_width elementor-section-height-default elementor-section-height-default\" data-eae-slider=\"33849\" data-id=\"af6bf71\" data-element_type=\"section\" data-e-type=\"section\">\n\t\t\t\t\t\t<div class=\"elementor-container elementor-column-gap-default\">\n\t\t\t\t\t<div class=\"has_eae_slider elementor-column elementor-col-100 elementor-inner-column elementor-element elementor-element-513d926\" data-eae-slider=\"62160\" data-id=\"513d926\" data-element_type=\"column\" data-e-type=\"column\" data-settings=\"{&quot;background_background&quot;:&quot;classic&quot;}\">\n\t\t\t<div class=\"elementor-widget-wrap elementor-element-populated\">\n\t\t\t\t\t\t<div class=\"elementor-element elementor-element-33b4e59 elementor-widget elementor-widget-text-editor\" data-id=\"33b4e59\" data-element_type=\"widget\" data-e-type=\"widget\" data-widget_type=\"text-editor.default\">\n\t\t\t\t<div class=\"elementor-widget-container\">\n\t\t\t\t\t\t\t\t\t<p><strong><em>Salientamos que por serem passeios privativos, voc\u00ea decide quais atrativos deseja visitar<br \/>e o tempo que permanecer\u00e1 em cada um deles, de acordo com a dura\u00e7\u00e3o total de passeio que segue descrita abaixo.<\/em><\/strong><\/p>\t\t\t\t\t\t\t\t<\/div>\n\t\t\t\t<\/div>\n\t\t\t\t\t<\/div>\n\t\t<\/div>\n\t\t\t\t\t<\/div>\n\t\t<\/section>\n\t\t\t\t<section class=\"has_eae_slider elementor-section elementor-inner-section elementor-element elementor-element-e78eab0 animated-slow elementor-section-content-middle elementor-section-boxed elementor-section-height-default elementor-section-height-default elementor-invisible\" data-eae-slider=\"36056\" data-id=\"e78eab0\" data-element_type=\"section\" data-e-type=\"section\" data-settings=\"{&quot;background_background&quot;:&quot;classic&quot;,&quot;animation&quot;:&quot;shake&quot;,&quot;animation_delay&quot;:50}\">\n\t\t\t\t\t\t<div class=\"elementor-container elementor-column-gap-default\">\n\t\t\t\t\t<div class=\"has_eae_slider elementor-column elementor-col-100 elementor-inner-column elementor-element elementor-element-abe6cef\" data-eae-slider=\"41424\" data-id=\"abe6cef\" data-element_type=\"column\" data-e-type=\"column\">\n\t\t\t<div class=\"elementor-widget-wrap elementor-element-populated\">\n\t\t\t\t\t\t<div class=\"elementor-element elementor-element-c23e671 elementor-widget elementor-widget-text-editor\" data-id=\"c23e671\" data-element_type=\"widget\" data-e-type=\"widget\" data-widget_type=\"text-editor.default\">\n\t\t\t\t<div class=\"elementor-widget-container\">\n\t\t\t\t\t\t\t\t\t<table class=\"table table-bordered\"><tbody><tr><td>Segunda-feira e ter\u00e7a-feira.<\/td><td colspan=\"2\"><strong>Estamos fechados para visita\u00e7\u00e3o<\/strong><\/td><\/tr><tr><td>Quarta-feira<\/td><td>Reservado apenas para grupos de escolas<\/td><\/tr><tr><td>Quinta-feira e sexta-feira<\/td><td>9:30 \u00e0s 11:30 e 14:00 \u00e0s 16:30<\/td><\/tr><tr><td>Finais de semana e feriados (incluindo os prolongados).<\/td><td colspan=\"2\">N\u00e3o agendamos grupos<br \/><br \/><\/td><\/tr><\/tbody><\/table><p><strong>REGRAS<\/strong><\/p><ul><li>Procure manter o sil\u00eancio durante a visita\u00e7\u00e3o;<\/li><li>\u00c9 proibido fumar em todas as \u00e1reas do Khadro Ling;<\/li><li>A \u00e1rea externa do Centro pode ser fotografada para fins pessoais. O interior do templo principal n\u00e3o pode ser fotografado;<\/li><li>N\u00e3o \u00e9 permitido o uso de drones na regi\u00e3o do templo;<\/li><li>Mantenha seus pertences pessoais e objetos de valor sempre com voc\u00ea durante toda a visita;<\/li><li>Animais s\u00e3o permitidos no Khadro Ling desde que estejam na guia\/coleira ou no colo;<\/li><li>N\u00e3o \u00e9 permitido fazer piquenique nas \u00e1reas do Centro;<\/li><li>\u00c9 proibido subir nos monumentos sagrados e nas muretas.<\/li><\/ul>\t\t\t\t\t\t\t\t<\/div>\n\t\t\t\t<\/div>\n\t\t\t\t\t<\/div>\n\t\t<\/div>\n\t\t\t\t\t<\/div>\n\t\t<\/section>\n\t\t\t\t<section class=\"has_eae_slider elementor-section elementor-inner-section elementor-element elementor-element-23cb509 elementor-section-boxed elementor-section-height-default elementor-section-height-default\" data-eae-slider=\"41789\" data-id=\"23cb509\" data-element_type=\"section\" data-e-type=\"section\">\n\t\t\t\t\t\t<div class=\"elementor-container elementor-column-gap-default\">\n\t\t\t\t\t<div class=\"has_eae_slider elementor-column elementor-col-100 elementor-inner-column elementor-element elementor-element-a0959a8\" data-eae-slider=\"635\" data-id=\"a0959a8\" data-element_type=\"column\" data-e-type=\"column\">\n\t\t\t<div class=\"elementor-widget-wrap elementor-element-populated\">\n\t\t\t\t\t\t<div class=\"elementor-element elementor-element-fa940cf elementor-widget elementor-widget-text-editor\" data-id=\"fa940cf\" data-element_type=\"widget\" data-e-type=\"widget\" data-widget_type=\"text-editor.default\">\n\t\t\t\t<div class=\"elementor-widget-container\">\n\t\t\t\t\t\t\t\t\t<ul><li>Aguardando informa\u00e7\u00f5es. Entre em contato\u00a0<\/li><\/ul>\t\t\t\t\t\t\t\t<\/div>\n\t\t\t\t<\/div>\n\t\t\t\t<div class=\"elementor-element elementor-element-4910167 elementor-align-center elementor-widget elementor-widget-button\" data-id=\"4910167\" data-element_type=\"widget\" data-e-type=\"widget\" data-widget_type=\"button.default\">\n\t\t\t\t<div class=\"elementor-widget-container\">\n\t\t\t\t\t\t\t\t\t<div class=\"elementor-button-wrapper\">\n\t\t\t\t\t<a class=\"elementor-button elementor-button-link elementor-size-sm\" href=\"https:\/\/api.whatsapp.com\/send?phone=5554999682043&#038;text=Gostaria%20de%20solicitar%20or\u00e7amento\">\n\t\t\t\t\t\t<span class=\"elementor-button-content-wrapper\">\n\t\t\t\t\t\t\t\t\t<span class=\"elementor-button-text\">SOLICITE OR\u00c7AMENTO<\/span>\n\t\t\t\t\t<\/span>\n\t\t\t\t\t<\/a>\n\t\t\t\t<\/div>\n\t\t\t\t\t\t\t\t<\/div>\n\t\t\t\t<\/div>\n\t\t\t\t\t<\/div>\n\t\t<\/div>\n\t\t\t\t\t<\/div>\n\t\t<\/section>\n\t\t\t\t\t<\/div>\n\t\t<\/div>\n\t\t\t\t\t<\/div>\n\t\t<\/section>\n\t\t\t\t<\/div>\n\t\t","protected":false},"excerpt":{"rendered":"<p>Tour Templo Budista Sobre o passeio O Chagdud Gonpa Khadro Ling \u00e9 um centro de budismo tibetano localizado em Tr\u00eas Coroas, RS. Pela bondade de seus professores e com o desejo de que o m\u00e1ximo de pessoas se beneficiem com a visita ao local, abrimos nossas portas para receber a todos. Por\u00e9m, temos algumas regras [&hellip;]<\/p>\n","protected":false},"author":1,"featured_media":0,"parent":0,"menu_order":0,"comment_status":"closed","ping_status":"closed","template":"","meta":{"_glsr_average":0,"_glsr_ranking":0,"_glsr_reviews":0,"footnotes":""},"class_list":["post-1360","page","type-page","status-publish","hentry"],"_links":{"self":[{"href":"https:\/\/idealeturismo.com.br\/index.php\/wp-json\/wp\/v2\/pages\/1360","targetHints":{"allow":["GET"]}}],"collection":[{"href":"https:\/\/idealeturismo.com.br\/index.php\/wp-json\/wp\/v2\/pages"}],"about":[{"href":"https:\/\/idealeturismo.com.br\/index.php\/wp-json\/wp\/v2\/types\/page"}],"author":[{"embeddable":true,"href":"https:\/\/idealeturismo.com.br\/index.php\/wp-json\/wp\/v2\/users\/1"}],"replies":[{"embeddable":true,"href":"https:\/\/idealeturismo.com.br\/index.php\/wp-json\/wp\/v2\/comments?post=1360"}],"version-history":[{"count":25,"href":"https:\/\/idealeturismo.com.br\/index.php\/wp-json\/wp\/v2\/pages\/1360\/revisions"}],"predecessor-version":[{"id":1969,"href":"https:\/\/idealeturismo.com.br\/index.php\/wp-json\/wp\/v2\/pages\/1360\/revisions\/1969"}],"wp:attachment":[{"href":"https:\/\/idealeturismo.com.br\/index.php\/wp-json\/wp\/v2\/media?parent=1360"}],"curies":[{"name":"wp","href":"https:\/\/api.w.org\/{rel}","templated":true}]}}